{"id":17505,"date":"2023-08-28T00:31:26","date_gmt":"2023-08-28T00:31:26","guid":{"rendered":"https:\/\/media-mandarina.com\/?page_id=17505"},"modified":"2023-11-22T18:45:27","modified_gmt":"2023-11-22T18:45:27","slug":"about-us","status":"publish","type":"page","link":"https:\/\/media-mandarina.com\/en\/about-us\/","title":{"rendered":"About us"},"content":{"rendered":"\t\t<div data-elementor-type=\"wp-page\" data-elementor-id=\"17505\" class=\"elementor elementor-17505\" data-elementor-post-type=\"page\">\n\t\t\t\t\t\t<section class=\"elementor-section elementor-top-section elementor-element elementor-element-9a9d3fa elementor-section-height-min-height animated-slow elementor-section-boxed elementor-section-height-default elementor-section-items-middle elementor-invisible\" data-id=\"9a9d3fa\" data-element_type=\"section\" data-settings=\"{&quot;background_background&quot;:&quot;classic&quot;,&quot;animation&quot;:&quot;fadeIn&quot;}\">\n\t\t\t\t\t\t\t<div class=\"elementor-background-overlay\"><\/div>\n\t\t\t\t\t\t\t<div class=\"elementor-container elementor-column-gap-default\">\n\t\t\t\t\t<div class=\"elementor-column elementor-col-100 elementor-top-column elementor-element elementor-element-3b167d68\" data-id=\"3b167d68\" data-element_type=\"column\">\n\t\t\t<div class=\"elementor-widget-wrap elementor-element-populated\">\n\t\t\t\t\t\t<div class=\"elementor-element elementor-element-7f983e21 elementor-widget elementor-widget-heading\" data-id=\"7f983e21\" data-element_type=\"widget\" data-widget_type=\"heading.default\">\n\t\t\t\t<div class=\"elementor-widget-container\">\n\t\t\t\t\t<h1 class=\"elementor-heading-title elementor-size-default\">About us<\/h1>\t\t\t\t<\/div>\n\t\t\t\t<\/div>\n\t\t\t\t\t<\/div>\n\t\t<\/div>\n\t\t\t\t\t<\/div>\n\t\t<\/section>\n\t\t\t\t<section class=\"elementor-section elementor-top-section elementor-element elementor-element-2de65a8 elementor-section-content-middle elementor-section-boxed elementor-section-height-default elementor-section-height-default\" data-id=\"2de65a8\" data-element_type=\"section\">\n\t\t\t\t\t\t<div class=\"elementor-container elementor-column-gap-default\">\n\t\t\t\t\t<div class=\"elementor-column elementor-col-50 elementor-top-column elementor-element elementor-element-257ee30\" data-id=\"257ee30\" data-element_type=\"column\">\n\t\t\t<div class=\"elementor-widget-wrap elementor-element-populated\">\n\t\t\t\t\t\t<div class=\"elementor-element elementor-element-0df2e6c elementor-widget elementor-widget-text-editor\" data-id=\"0df2e6c\" data-element_type=\"widget\" data-widget_type=\"text-editor.default\">\n\t\t\t\t<div class=\"elementor-widget-container\">\n\t\t\t\t\t\t\t\t\t<p>My name is An and I&#8217;ve traded Belgium for the sunny south for quite some time now. I live in Alhaur\u00edn el Grande, between M\u00e1laga and Marbella. So I know the triangle formed by the Costa del Sol and the Andalusian hinterland well. I love M\u00e1laga, which I think is a fantastic city to stroll around in. But I&#8217;m just as happy to go hiking in the Sierra de Mijas or the Sierra de las Nieves, or spend an afternoon taking it easy on the beach in Cabopino\/Marbella and then finish the day in a nice chiringuito.<\/p><p>From my commercial background in Belgium, I love finding clients their ideal place. Both on the coast and in the so-called &#8216;campo&#8217;. <a href=\"https:\/\/media-mandarina.com\/en\/buying#form\"><b>Let me know your requirements <\/b><\/a>and I&#8217;ll get right to work proposing the ideal match.<\/p><p>And I know very well that making a decision can be difficult \u2013 certainly when purchasing a home. It takes experience and empathy to understand your expectations and find your dream home.<\/p><p>Media Mandarina will guide you through the whole process \u2013 from the moment you start dreaming to the moment you get the keys. And we&#8217;ll make all our expertise available to offer you an optimum customer experience. We remain steadfast in our view that our passion has added value for you. And we&#8217;re more than proud when we can help our customers to achieve their own dream in Southern Spain.<\/p>\t\t\t\t\t\t\t\t<\/div>\n\t\t\t\t<\/div>\n\t\t\t\t\t<\/div>\n\t\t<\/div>\n\t\t\t\t<div class=\"elementor-column elementor-col-50 elementor-top-column elementor-element elementor-element-3f8f35c\" data-id=\"3f8f35c\" data-element_type=\"column\">\n\t\t\t<div class=\"elementor-widget-wrap elementor-element-populated\">\n\t\t\t\t\t\t<div class=\"elementor-element elementor-element-4567770 elementor-widget__width-initial elementor-widget elementor-widget-image\" data-id=\"4567770\" data-element_type=\"widget\" data-widget_type=\"image.default\">\n\t\t\t\t<div class=\"elementor-widget-container\">\n\t\t\t\t\t\t\t\t\t\t\t\t\t\t\t<img fetchpriority=\"high\" decoding=\"async\" width=\"768\" height=\"1152\" src=\"https:\/\/media-mandarina.com\/wp-content\/uploads\/2023\/08\/An-foto-essent-768x1152.jpg\" class=\"attachment-medium_large size-medium_large wp-image-17618\" alt=\"\" srcset=\"https:\/\/media-mandarina.com\/wp-content\/uploads\/2023\/08\/An-foto-essent-768x1152.jpg 768w, https:\/\/media-mandarina.com\/wp-content\/uploads\/2023\/08\/An-foto-essent-1365x2048.jpg 1365w, https:\/\/media-mandarina.com\/wp-content\/uploads\/2023\/08\/An-foto-essent-200x300.jpg 200w, https:\/\/media-mandarina.com\/wp-content\/uploads\/2023\/08\/An-foto-essent-683x1024.jpg 683w, https:\/\/media-mandarina.com\/wp-content\/uploads\/2023\/08\/An-foto-essent-1024x1536.jpg 1024w, https:\/\/media-mandarina.com\/wp-content\/uploads\/2023\/08\/An-foto-essent-400x600.jpg 400w, https:\/\/media-mandarina.com\/wp-content\/uploads\/2023\/08\/An-foto-essent-496x744.jpg 496w, https:\/\/media-mandarina.com\/wp-content\/uploads\/2023\/08\/An-foto-essent-1320x1980.jpg 1320w, https:\/\/media-mandarina.com\/wp-content\/uploads\/2023\/08\/An-foto-essent-scaled.jpg 1707w\" sizes=\"(max-width: 768px) 100vw, 768px\" \/>\t\t\t\t\t\t\t\t\t\t\t\t\t\t\t<\/div>\n\t\t\t\t<\/div>\n\t\t\t\t\t<\/div>\n\t\t<\/div>\n\t\t\t\t\t<\/div>\n\t\t<\/section>\n\t\t\t\t<\/div>\n\t\t","protected":false},"excerpt":{"rendered":"About us My name is An and I&#8217;ve traded Belgium for the sunny south for quite some time now. I live in Alhaur\u00edn el Grande, between M\u00e1laga and Marbella. So I know the triangle formed by the Costa del Sol and the Andalusian hinterland well. I love M\u00e1laga, which I think is a fantastic city [&hellip;]","protected":false},"author":1,"featured_media":0,"parent":0,"menu_order":0,"comment_status":"closed","ping_status":"closed","template":"elementor_header_footer","meta":{"footnotes":""},"class_list":["post-17505","page","type-page","status-publish","hentry"],"_links":{"self":[{"href":"https:\/\/media-mandarina.com\/en\/wp-json\/wp\/v2\/pages\/17505","targetHints":{"allow":["GET"]}}],"collection":[{"href":"https:\/\/media-mandarina.com\/en\/wp-json\/wp\/v2\/pages"}],"about":[{"href":"https:\/\/media-mandarina.com\/en\/wp-json\/wp\/v2\/types\/page"}],"author":[{"embeddable":true,"href":"https:\/\/media-mandarina.com\/en\/wp-json\/wp\/v2\/users\/1"}],"replies":[{"embeddable":true,"href":"https:\/\/media-mandarina.com\/en\/wp-json\/wp\/v2\/comments?post=17505"}],"version-history":[{"count":0,"href":"https:\/\/media-mandarina.com\/en\/wp-json\/wp\/v2\/pages\/17505\/revisions"}],"wp:attachment":[{"href":"https:\/\/media-mandarina.com\/en\/wp-json\/wp\/v2\/media?parent=17505"}],"curies":[{"name":"wp","href":"https:\/\/api.w.org\/{rel}","templated":true}]}}