{"id":18249,"date":"2023-08-27T23:07:00","date_gmt":"2023-08-27T23:07:00","guid":{"rendered":"https:\/\/media-mandarina.com\/buying\/"},"modified":"2026-03-11T02:06:20","modified_gmt":"2026-03-11T02:06:20","slug":"comprar","status":"publish","type":"page","link":"https:\/\/media-mandarina.com\/es\/comprar\/","title":{"rendered":"Comprar con Media Mandarina"},"content":{"rendered":"\t\t<div data-elementor-type=\"wp-page\" data-elementor-id=\"18249\" class=\"elementor elementor-18249 elementor-17487\" data-elementor-post-type=\"page\">\n\t\t\t\t\t\t<section class=\"elementor-section elementor-top-section elementor-element elementor-element-82ddc6f elementor-section-boxed elementor-section-height-default elementor-section-height-default\" data-id=\"82ddc6f\" data-element_type=\"section\" data-settings=\"{&quot;background_background&quot;:&quot;classic&quot;}\">\n\t\t\t\t\t\t<div class=\"elementor-container elementor-column-gap-default\">\n\t\t\t\t\t<div class=\"elementor-column elementor-col-100 elementor-top-column elementor-element elementor-element-819d419\" data-id=\"819d419\" data-element_type=\"column\">\n\t\t\t<div class=\"elementor-widget-wrap elementor-element-populated\">\n\t\t\t\t\t\t<div class=\"elementor-element elementor-element-42612d7 elementor-widget elementor-widget-heading\" data-id=\"42612d7\" data-element_type=\"widget\" data-widget_type=\"heading.default\">\n\t\t\t\t<div class=\"elementor-widget-container\">\n\t\t\t\t\t<h2 class=\"elementor-heading-title elementor-size-default\">Comprar con Media Mandarina<\/h2>\t\t\t\t<\/div>\n\t\t\t\t<\/div>\n\t\t\t\t<div class=\"elementor-element elementor-element-80da21a elementor-widget elementor-widget-text-editor\" data-id=\"80da21a\" data-element_type=\"widget\" data-widget_type=\"text-editor.default\">\n\t\t\t\t<div class=\"elementor-widget-container\">\n\t\t\t\t\t\t\t\t\t<p>Media Mandarina te acompa\u00f1a en todo el proceso, desde la visita hasta la firma de la escritura del acta de compraventa.<\/p><p>Nosotros nos aseguramos de que est\u00e9n listos todos los documentos legales necesarios. En Espa\u00f1a, para el transpaso de una propiedad se requiere la intervenci\u00f3n de un notario, pero al contrario de lo que ocurre en otros pa\u00edses, la mayor parte del trabajo de investigaci\u00f3n legal corre a cargo de un abogado. De ser necesario, podemos facilitarte el contacto de un abogado (que habla tu idioma) o de un notario. As\u00ed tendr\u00e1s la tranquilidad de que est\u00e1s comprando la propiedad de tus sue\u00f1os en toda confianza y con toda la seguridad.<\/p><p>Despu\u00e9s de la compra tambi\u00e9n podemos ayudarte en la b\u00fasqueda de profesionales para obras de pintura, fontaner\u00eda y electricidad. <br \/>Adem\u00e1s, si quieres alquilar tu vivienda te podemos brindar servicios de gesti\u00f3n inmobiliaria.<\/p>\t\t\t\t\t\t\t\t<\/div>\n\t\t\t\t<\/div>\n\t\t\t\t<div class=\"elementor-element elementor-element-cd4cadb elementor-widget elementor-widget-html\" data-id=\"cd4cadb\" data-element_type=\"widget\" data-widget_type=\"html.default\">\n\t\t\t\t<div class=\"elementor-widget-container\">\n\t\t\t\t\t<div style=\"width: 0; height: 0; top: -70px; position: absolute;\" id=\"form\"><\/div>\t\t\t\t<\/div>\n\t\t\t\t<\/div>\n\t\t\t\t<div class=\"elementor-element elementor-element-673c0be elementor-widget elementor-widget-heading\" data-id=\"673c0be\" data-element_type=\"widget\" data-widget_type=\"heading.default\">\n\t\t\t\t<div class=\"elementor-widget-container\">\n\t\t\t\t\t<h2 class=\"elementor-heading-title elementor-size-default\">Cu\u00e9ntanos c\u00f3mo y d\u00f3nde quieres vivir y nosotros te encontramos la propiedad de tus sue\u00f1os<\/h2>\t\t\t\t<\/div>\n\t\t\t\t<\/div>\n\t\t\t\t<div class=\"elementor-element elementor-element-3cd5da4 elementor-widget elementor-widget-text-editor\" data-id=\"3cd5da4\" data-element_type=\"widget\" data-widget_type=\"text-editor.default\">\n\t\t\t\t<div class=\"elementor-widget-container\">\n\t\t\t\t\t\t\t\t\t<p>Siempre puede consultar nuestras propiedades disponibles a trav\u00e9s del formulario en la parte superior de la pantalla. Si prefiere que busquemos propiedades compatibles para usted, no dude en informarnos sus requisitos a continuaci\u00f3n y nos pondremos en contacto con usted.<\/p>\t\t\t\t\t\t\t\t<\/div>\n\t\t\t\t<\/div>\n\t\t\t\t<div class=\"elementor-element elementor-element-29f255b elementor-button-align-stretch elementor-widget elementor-widget-form\" data-id=\"29f255b\" data-element_type=\"widget\" data-settings=\"{&quot;step_next_label&quot;:&quot;Next&quot;,&quot;step_previous_label&quot;:&quot;Previous&quot;,&quot;button_width&quot;:&quot;100&quot;,&quot;step_type&quot;:&quot;number_text&quot;,&quot;step_icon_shape&quot;:&quot;circle&quot;}\" data-widget_type=\"form.default\">\n\t\t\t\t<div class=\"elementor-widget-container\">\n\t\t\t\t\t\t\t<form class=\"elementor-form\" method=\"post\" name=\"New Form\">\n\t\t\t<input type=\"hidden\" name=\"post_id\" value=\"18249\"\/>\n\t\t\t<input type=\"hidden\" name=\"form_id\" value=\"29f255b\"\/>\n\t\t\t<input type=\"hidden\" name=\"referer_title\" value=\"\" \/>\n\n\t\t\t\n\t\t\t<div class=\"elementor-form-fields-wrapper elementor-labels-above\">\n\t\t\t\t\t\t\t\t<div class=\"elementor-field-type-text elementor-field-group elementor-column elementor-field-group-name elementor-col-50 elementor-field-required\">\n\t\t\t\t\t\t\t\t\t\t\t\t<label for=\"form-field-name\" class=\"elementor-field-label\">\n\t\t\t\t\t\t\t\tNombre\t\t\t\t\t\t\t<\/label>\n\t\t\t\t\t\t\t\t\t\t\t\t\t\t<input size=\"1\" type=\"text\" name=\"form_fields[name]\" id=\"form-field-name\" class=\"elementor-field elementor-size-sm  elementor-field-textual\" required=\"required\">\n\t\t\t\t\t\t\t\t\t\t\t<\/div>\n\t\t\t\t\t\t\t\t<div class=\"elementor-field-type-text elementor-field-group elementor-column elementor-field-group-field_bda38e5 elementor-col-50 elementor-field-required\">\n\t\t\t\t\t\t\t\t\t\t\t\t<label for=\"form-field-field_bda38e5\" class=\"elementor-field-label\">\n\t\t\t\t\t\t\t\tApellidos\t\t\t\t\t\t\t<\/label>\n\t\t\t\t\t\t\t\t\t\t\t\t\t\t<input size=\"1\" type=\"text\" name=\"form_fields[field_bda38e5]\" id=\"form-field-field_bda38e5\" class=\"elementor-field elementor-size-sm  elementor-field-textual\" required=\"required\">\n\t\t\t\t\t\t\t\t\t\t\t<\/div>\n\t\t\t\t\t\t\t\t<div class=\"elementor-field-type-tel elementor-field-group elementor-column elementor-field-group-field_9989406 elementor-col-100 elementor-field-required\">\n\t\t\t\t\t\t\t\t\t\t\t\t<label for=\"form-field-field_9989406\" class=\"elementor-field-label\">\n\t\t\t\t\t\t\t\tN\u00famero de tel\u00e9fono\t\t\t\t\t\t\t<\/label>\n\t\t\t\t\t\t\t\t<input size=\"1\" type=\"tel\" name=\"form_fields[field_9989406]\" id=\"form-field-field_9989406\" class=\"elementor-field elementor-size-sm  elementor-field-textual\" required=\"required\" pattern=\"[0-9()#&amp;+*-=.]+\" title=\"Only numbers and phone characters (#, -, *, etc) are accepted.\">\n\n\t\t\t\t\t\t<\/div>\n\t\t\t\t\t\t\t\t<div class=\"elementor-field-type-email elementor-field-group elementor-column elementor-field-group-email elementor-col-100 elementor-field-required\">\n\t\t\t\t\t\t\t\t\t\t\t\t<label for=\"form-field-email\" class=\"elementor-field-label\">\n\t\t\t\t\t\t\t\tDirecci\u00f3n de correo electr\u00f3nico\t\t\t\t\t\t\t<\/label>\n\t\t\t\t\t\t\t\t\t\t\t\t\t\t<input size=\"1\" type=\"email\" name=\"form_fields[email]\" id=\"form-field-email\" class=\"elementor-field elementor-size-sm  elementor-field-textual\" required=\"required\">\n\t\t\t\t\t\t\t\t\t\t\t<\/div>\n\t\t\t\t\t\t\t\t<div class=\"elementor-field-type-radio elementor-field-group elementor-column elementor-field-group-message elementor-col-100 elementor-field-required\">\n\t\t\t\t\t\t\t\t\t\t\t\t<label for=\"form-field-message\" class=\"elementor-field-label\">\n\t\t\t\t\t\t\t\t\u00bfEst\u00e1s buscando una vivienda construida o una vivienda de nueva construcci\u00f3n?\t\t\t\t\t\t\t<\/label>\n\t\t\t\t\t\t<div class=\"elementor-field-subgroup  \"><span class=\"elementor-field-option\"><input type=\"radio\" value=\"Vivienda construida\" id=\"form-field-message-0\" name=\"form_fields[message]\" required=\"required\"> <label for=\"form-field-message-0\">Vivienda construida<\/label><\/span><span class=\"elementor-field-option\"><input type=\"radio\" value=\"Vivienda de nueva construcci\u00f3n\" id=\"form-field-message-1\" name=\"form_fields[message]\" required=\"required\"> <label for=\"form-field-message-1\">Vivienda de nueva construcci\u00f3n<\/label><\/span><span class=\"elementor-field-option\"><input type=\"radio\" value=\"Ambas\" id=\"form-field-message-2\" name=\"form_fields[message]\" required=\"required\"> <label for=\"form-field-message-2\">Ambas<\/label><\/span><\/div>\t\t\t\t<\/div>\n\t\t\t\t\t\t\t\t<div class=\"elementor-field-type-text elementor-field-group elementor-column elementor-field-group-field_a9de9f1 elementor-col-100 elementor-field-required\">\n\t\t\t\t\t\t\t\t\t\t\t\t<label for=\"form-field-field_a9de9f1\" class=\"elementor-field-label\">\n\t\t\t\t\t\t\t\tLugar\t\t\t\t\t\t\t<\/label>\n\t\t\t\t\t\t\t\t\t\t\t\t\t\t<input size=\"1\" type=\"text\" name=\"form_fields[field_a9de9f1]\" id=\"form-field-field_a9de9f1\" class=\"elementor-field elementor-size-sm  elementor-field-textual\" required=\"required\">\n\t\t\t\t\t\t\t\t\t\t\t<\/div>\n\t\t\t\t\t\t\t\t<div class=\"elementor-field-type-checkbox elementor-field-group elementor-column elementor-field-group-field_d7961bc elementor-col-100\">\n\t\t\t\t\t\t\t\t\t\t\t\t<label for=\"form-field-field_d7961bc\" class=\"elementor-field-label\">\n\t\t\t\t\t\t\t\tTipo de vivienda\t\t\t\t\t\t\t<\/label>\n\t\t\t\t\t\t<div class=\"elementor-field-subgroup  elementor-subgroup-inline\"><span class=\"elementor-field-option\"><input type=\"checkbox\" value=\"Chal\u00e9\" id=\"form-field-field_d7961bc-0\" name=\"form_fields[field_d7961bc][]\"> <label for=\"form-field-field_d7961bc-0\">Chal\u00e9<\/label><\/span><span class=\"elementor-field-option\"><input type=\"checkbox\" value=\"Piso\" id=\"form-field-field_d7961bc-1\" name=\"form_fields[field_d7961bc][]\"> <label for=\"form-field-field_d7961bc-1\">Piso<\/label><\/span><span class=\"elementor-field-option\"><input type=\"checkbox\" value=\"Penthouse\" id=\"form-field-field_d7961bc-2\" name=\"form_fields[field_d7961bc][]\"> <label for=\"form-field-field_d7961bc-2\">Penthouse<\/label><\/span><span class=\"elementor-field-option\"><input type=\"checkbox\" value=\"Vivienda urbana\" id=\"form-field-field_d7961bc-3\" name=\"form_fields[field_d7961bc][]\"> <label for=\"form-field-field_d7961bc-3\">Vivienda urbana<\/label><\/span><span class=\"elementor-field-option\"><input type=\"checkbox\" value=\"Finca\/cortijo\tParcelas\" id=\"form-field-field_d7961bc-4\" name=\"form_fields[field_d7961bc][]\"> <label for=\"form-field-field_d7961bc-4\">Finca\/cortijo\tParcelas<\/label><\/span><\/div>\t\t\t\t<\/div>\n\t\t\t\t\t\t\t\t<div class=\"elementor-field-type-text elementor-field-group elementor-column elementor-field-group-field_4e6a566 elementor-col-100 elementor-field-required\">\n\t\t\t\t\t\t\t\t\t\t\t\t<label for=\"form-field-field_4e6a566\" class=\"elementor-field-label\">\n\t\t\t\t\t\t\t\tPrecio\t\t\t\t\t\t\t<\/label>\n\t\t\t\t\t\t\t\t\t\t\t\t\t\t<input size=\"1\" type=\"text\" name=\"form_fields[field_4e6a566]\" id=\"form-field-field_4e6a566\" class=\"elementor-field elementor-size-sm  elementor-field-textual\" required=\"required\">\n\t\t\t\t\t\t\t\t\t\t\t<\/div>\n\t\t\t\t\t\t\t\t<div class=\"elementor-field-type-radio elementor-field-group elementor-column elementor-field-group-field_9c046a0 elementor-col-100 elementor-field-required\">\n\t\t\t\t\t\t\t\t\t\t\t\t<label for=\"form-field-field_9c046a0\" class=\"elementor-field-label\">\n\t\t\t\t\t\t\t\tN\u00famero de dormitorios\t\t\t\t\t\t\t<\/label>\n\t\t\t\t\t\t<div class=\"elementor-field-subgroup  elementor-subgroup-inline\"><span class=\"elementor-field-option\"><input type=\"radio\" value=\"1\" id=\"form-field-field_9c046a0-0\" name=\"form_fields[field_9c046a0]\" required=\"required\"> <label for=\"form-field-field_9c046a0-0\">1<\/label><\/span><span class=\"elementor-field-option\"><input type=\"radio\" value=\"2\" id=\"form-field-field_9c046a0-1\" name=\"form_fields[field_9c046a0]\" required=\"required\"> <label for=\"form-field-field_9c046a0-1\">2<\/label><\/span><span class=\"elementor-field-option\"><input type=\"radio\" value=\"3\" id=\"form-field-field_9c046a0-2\" name=\"form_fields[field_9c046a0]\" required=\"required\"> <label for=\"form-field-field_9c046a0-2\">3<\/label><\/span><span class=\"elementor-field-option\"><input type=\"radio\" value=\"4 o m\u00e1s\" id=\"form-field-field_9c046a0-3\" name=\"form_fields[field_9c046a0]\" required=\"required\"> <label for=\"form-field-field_9c046a0-3\">4 o m\u00e1s<\/label><\/span><\/div>\t\t\t\t<\/div>\n\t\t\t\t\t\t\t\t<div class=\"elementor-field-type-radio elementor-field-group elementor-column elementor-field-group-field_cad6403 elementor-col-100 elementor-field-required\">\n\t\t\t\t\t\t\t\t\t\t\t\t<label for=\"form-field-field_cad6403\" class=\"elementor-field-label\">\n\t\t\t\t\t\t\t\tN\u00famero de ba\u00f1os\t\t\t\t\t\t\t<\/label>\n\t\t\t\t\t\t<div class=\"elementor-field-subgroup  elementor-subgroup-inline\"><span class=\"elementor-field-option\"><input type=\"radio\" value=\"1\" id=\"form-field-field_cad6403-0\" name=\"form_fields[field_cad6403]\" required=\"required\"> <label for=\"form-field-field_cad6403-0\">1<\/label><\/span><span class=\"elementor-field-option\"><input type=\"radio\" value=\"2\" id=\"form-field-field_cad6403-1\" name=\"form_fields[field_cad6403]\" required=\"required\"> <label for=\"form-field-field_cad6403-1\">2<\/label><\/span><span class=\"elementor-field-option\"><input type=\"radio\" value=\"3\" id=\"form-field-field_cad6403-2\" name=\"form_fields[field_cad6403]\" required=\"required\"> <label for=\"form-field-field_cad6403-2\">3<\/label><\/span><span class=\"elementor-field-option\"><input type=\"radio\" value=\"4 o m\u00e1s\" id=\"form-field-field_cad6403-3\" name=\"form_fields[field_cad6403]\" required=\"required\"> <label for=\"form-field-field_cad6403-3\">4 o m\u00e1s<\/label><\/span><\/div>\t\t\t\t<\/div>\n\t\t\t\t\t\t\t\t<div class=\"elementor-field-type-textarea elementor-field-group elementor-column elementor-field-group-field_c2456f2 elementor-col-100\">\n\t\t\t\t\t\t\t\t\t\t\t\t<label for=\"form-field-field_c2456f2\" class=\"elementor-field-label\">\n\t\t\t\t\t\t\t\t\u00bfQu\u00e9 otras caracter\u00edsticas son importantes para ti? Por ejemplo: piscina, vista al mar, vista a la monta\u00f1a, cercan\u00eda de la ciudad\/del aeropuerto\/...., lugares de aparcamiento, jard\u00edn, superficie del terreno, planta baja o en plantas superiores, etc\t\t\t\t\t\t\t<\/label>\n\t\t\t\t\t\t<textarea class=\"elementor-field-textual elementor-field  elementor-size-sm\" name=\"form_fields[field_c2456f2]\" id=\"form-field-field_c2456f2\" rows=\"4\"><\/textarea>\t\t\t\t<\/div>\n\t\t\t\t\t\t\t\t<div class=\"elementor-field-type-acceptance elementor-field-group elementor-column elementor-field-group-field_e095a5d elementor-col-100\">\n\t\t\t\t\t\t\t<div class=\"elementor-field-subgroup\">\n\t\t\t<span class=\"elementor-field-option\">\n\t\t\t\t<input type=\"checkbox\" name=\"form_fields[field_e095a5d]\" id=\"form-field-field_e095a5d\" class=\"elementor-field elementor-size-sm  elementor-acceptance-field\">\n\t\t\t\t<label for=\"form-field-field_e095a5d\">He le\u00eddo la <a href=\"\/privacy-policy\" style=\"font-weight: bold !important;\">pol\u00edtica de privacidad<\/a> y estoy de acuerdo con ellas<\/label>\t\t\t<\/span>\n\t\t<\/div>\n\t\t\t\t\t\t<\/div>\n\t\t\t\t\t\t\t\t<div class=\"elementor-field-type-checkbox elementor-field-group elementor-column elementor-field-group-field_faac25b elementor-col-100\">\n\t\t\t\t\t<div class=\"elementor-field-subgroup  \"><span class=\"elementor-field-option\"><input type=\"checkbox\" value=\"Quiero que me mantegan al tanto de nuevas propiedades y oportunidades a trav\u00e9s del correo electr\u00f3nico\" id=\"form-field-field_faac25b-0\" name=\"form_fields[field_faac25b]\"> <label for=\"form-field-field_faac25b-0\">Quiero que me mantegan al tanto de nuevas propiedades y oportunidades a trav\u00e9s del correo electr\u00f3nico<\/label><\/span><\/div>\t\t\t\t<\/div>\n\t\t\t\t\t\t\t\t<div class=\"elementor-field-type-recaptcha elementor-field-group elementor-column elementor-field-group-field_f4376dc elementor-col-100\">\n\t\t\t\t\t<div class=\"elementor-field\" id=\"form-field-field_f4376dc\"><div class=\"elementor-g-recaptcha\" data-sitekey=\"6Lexf4YsAAAAAP0L1cASiI16saWUGRSagB7qHcB5\" data-type=\"v2_checkbox\" data-theme=\"light\" data-size=\"normal\"><\/div><\/div>\t\t\t\t<\/div>\n\t\t\t\t\t\t\t\t<div class=\"elementor-field-group elementor-column elementor-field-type-submit elementor-col-100 e-form__buttons\">\n\t\t\t\t\t<button class=\"elementor-button elementor-size-sm\" type=\"submit\">\n\t\t\t\t\t\t<span class=\"elementor-button-content-wrapper\">\n\t\t\t\t\t\t\t\t\t\t\t\t\t\t\t\t\t\t\t\t\t\t<span class=\"elementor-button-text\">Enviar<\/span>\n\t\t\t\t\t\t\t\t\t\t\t\t\t<\/span>\n\t\t\t\t\t<\/button>\n\t\t\t\t<\/div>\n\t\t\t<\/div>\n\t\t<\/form>\n\t\t\t\t\t\t<\/div>\n\t\t\t\t<\/div>\n\t\t\t\t\t<\/div>\n\t\t<\/div>\n\t\t\t\t\t<\/div>\n\t\t<\/section>\n\t\t\t\t<\/div>\n\t\t","protected":false},"excerpt":{"rendered":"Comprar con Media Mandarina Media Mandarina te acompa\u00f1a en todo el proceso, desde la visita hasta la firma de la escritura del acta de compraventa.Nosotros nos aseguramos de que est\u00e9n listos todos los documentos legales necesarios. En Espa\u00f1a, para el transpaso de una propiedad se requiere la intervenci\u00f3n de un notario, pero al contrario de [&hellip;]","protected":false},"author":1,"featured_media":0,"parent":0,"menu_order":0,"comment_status":"closed","ping_status":"closed","template":"elementor_header_footer","meta":{"footnotes":""},"class_list":["post-18249","page","type-page","status-publish","hentry"],"_links":{"self":[{"href":"https:\/\/media-mandarina.com\/es\/wp-json\/wp\/v2\/pages\/18249","targetHints":{"allow":["GET"]}}],"collection":[{"href":"https:\/\/media-mandarina.com\/es\/wp-json\/wp\/v2\/pages"}],"about":[{"href":"https:\/\/media-mandarina.com\/es\/wp-json\/wp\/v2\/types\/page"}],"author":[{"embeddable":true,"href":"https:\/\/media-mandarina.com\/es\/wp-json\/wp\/v2\/users\/1"}],"replies":[{"embeddable":true,"href":"https:\/\/media-mandarina.com\/es\/wp-json\/wp\/v2\/comments?post=18249"}],"version-history":[{"count":3,"href":"https:\/\/media-mandarina.com\/es\/wp-json\/wp\/v2\/pages\/18249\/revisions"}],"predecessor-version":[{"id":18934,"href":"https:\/\/media-mandarina.com\/es\/wp-json\/wp\/v2\/pages\/18249\/revisions\/18934"}],"wp:attachment":[{"href":"https:\/\/media-mandarina.com\/es\/wp-json\/wp\/v2\/media?parent=18249"}],"curies":[{"name":"wp","href":"https:\/\/api.w.org\/{rel}","templated":true}]}}