{"id":18260,"date":"2023-08-27T23:21:33","date_gmt":"2023-08-27T23:21:33","guid":{"rendered":"https:\/\/media-mandarina.com\/selling\/"},"modified":"2023-10-04T03:05:42","modified_gmt":"2023-10-04T03:05:42","slug":"vender","status":"publish","type":"page","link":"https:\/\/media-mandarina.com\/es\/vender\/","title":{"rendered":"Vender con Media Mandarina"},"content":{"rendered":"\t\t<div data-elementor-type=\"wp-page\" data-elementor-id=\"18260\" class=\"elementor elementor-18260 elementor-17495\" data-elementor-post-type=\"page\">\n\t\t\t\t\t\t<section class=\"elementor-section elementor-top-section elementor-element elementor-element-e4d898c elementor-section-boxed elementor-section-height-default elementor-section-height-default\" data-id=\"e4d898c\" data-element_type=\"section\">\n\t\t\t\t\t\t<div class=\"elementor-container elementor-column-gap-default\">\n\t\t\t\t\t<div class=\"elementor-column elementor-col-100 elementor-top-column elementor-element elementor-element-12592a4\" data-id=\"12592a4\" data-element_type=\"column\">\n\t\t\t<div class=\"elementor-widget-wrap elementor-element-populated\">\n\t\t\t\t\t\t<div class=\"elementor-element elementor-element-e521578 elementor-widget elementor-widget-heading\" data-id=\"e521578\" data-element_type=\"widget\" data-widget_type=\"heading.default\">\n\t\t\t\t<div class=\"elementor-widget-container\">\n\t\t\t\t\t<h2 class=\"elementor-heading-title elementor-size-default\">Vender con Media Mandarina<\/h2>\t\t\t\t<\/div>\n\t\t\t\t<\/div>\n\t\t\t\t<div class=\"elementor-element elementor-element-4c5ba47 elementor-widget elementor-widget-text-editor\" data-id=\"4c5ba47\" data-element_type=\"widget\" data-widget_type=\"text-editor.default\">\n\t\t\t\t<div class=\"elementor-widget-container\">\n\t\t\t\t\t\t\t\t\t<p><span lang=\"es-ES\">\u00bfTienes pensado vender tu propiedad en la Costa del Sol o en el interior andaluz? En ese caso, Media Mandarina te puede ayudar. <\/span><\/p><p><span lang=\"es-ES\">Para empezar, podemos ayudarte a tasar el valor de tu inmueble y a determinar un precio de venta adecuado. Tambi\u00e9n nos ocupamos de realizar fotos y de redactar textos profesionales que podamos emplear en los canales de promoci\u00f3n que utilizamos.<\/span><\/p><p><span lang=\"es-ES\">Te ayudamos a preparar todos los documentos jur\u00eddicos necesarios. La nueva Ley de propiedad estipula que el propietario es responsable de aportar la documentaci\u00f3n necesaria en el momento de una venta. Por ejemplo:<\/span><\/p>\t\t\t\t\t\t\t\t<\/div>\n\t\t\t\t<\/div>\n\t\t\t\t<div class=\"elementor-element elementor-element-7651cc2 elementor-icon-list--layout-traditional elementor-list-item-link-full_width elementor-widget elementor-widget-icon-list\" data-id=\"7651cc2\" data-element_type=\"widget\" data-widget_type=\"icon-list.default\">\n\t\t\t\t<div class=\"elementor-widget-container\">\n\t\t\t\t\t\t\t<ul class=\"elementor-icon-list-items\">\n\t\t\t\t\t\t\t<li class=\"elementor-icon-list-item\">\n\t\t\t\t\t\t\t\t\t\t\t<span class=\"elementor-icon-list-icon\">\n\t\t\t\t\t\t\t<i aria-hidden=\"true\" class=\"far fa-check-circle\"><\/i>\t\t\t\t\t\t<\/span>\n\t\t\t\t\t\t\t\t\t\t<span class=\"elementor-icon-list-text\">Escritura de propiedad \/ datos catastrales<\/span>\n\t\t\t\t\t\t\t\t\t<\/li>\n\t\t\t\t\t\t\t\t<li class=\"elementor-icon-list-item\">\n\t\t\t\t\t\t\t\t\t\t\t<span class=\"elementor-icon-list-icon\">\n\t\t\t\t\t\t\t<i aria-hidden=\"true\" class=\"far fa-check-circle\"><\/i>\t\t\t\t\t\t<\/span>\n\t\t\t\t\t\t\t\t\t\t<span class=\"elementor-icon-list-text\">Lltima factura del IBI (impuesto sobre bienes inmuebles)<\/span>\n\t\t\t\t\t\t\t\t\t<\/li>\n\t\t\t\t\t\t\t\t<li class=\"elementor-icon-list-item\">\n\t\t\t\t\t\t\t\t\t\t\t<span class=\"elementor-icon-list-icon\">\n\t\t\t\t\t\t\t<i aria-hidden=\"true\" class=\"far fa-check-circle\"><\/i>\t\t\t\t\t\t<\/span>\n\t\t\t\t\t\t\t\t\t\t<span class=\"elementor-icon-list-text\">\u00daltima factura de impuesto para la recogida de residuos urbanos (basura) <\/span>\n\t\t\t\t\t\t\t\t\t<\/li>\n\t\t\t\t\t\t\t\t<li class=\"elementor-icon-list-item\">\n\t\t\t\t\t\t\t\t\t\t\t<span class=\"elementor-icon-list-icon\">\n\t\t\t\t\t\t\t<i aria-hidden=\"true\" class=\"far fa-check-circle\"><\/i>\t\t\t\t\t\t<\/span>\n\t\t\t\t\t\t\t\t\t\t<span class=\"elementor-icon-list-text\">Una factura de electricidad reciente<\/span>\n\t\t\t\t\t\t\t\t\t<\/li>\n\t\t\t\t\t\t\t\t<li class=\"elementor-icon-list-item\">\n\t\t\t\t\t\t\t\t\t\t\t<span class=\"elementor-icon-list-icon\">\n\t\t\t\t\t\t\t<i aria-hidden=\"true\" class=\"far fa-check-circle\"><\/i>\t\t\t\t\t\t<\/span>\n\t\t\t\t\t\t\t\t\t\t<span class=\"elementor-icon-list-text\">Una factura de agua reciente<\/span>\n\t\t\t\t\t\t\t\t\t<\/li>\n\t\t\t\t\t\t\t\t<li class=\"elementor-icon-list-item\">\n\t\t\t\t\t\t\t\t\t\t\t<span class=\"elementor-icon-list-icon\">\n\t\t\t\t\t\t\t<i aria-hidden=\"true\" class=\"far fa-check-circle\"><\/i>\t\t\t\t\t\t<\/span>\n\t\t\t\t\t\t\t\t\t\t<span class=\"elementor-icon-list-text\">Datos de contacto de la comunidad y confirmaci\u00f3n de que los pagos est\u00e1n al d\u00eda<\/span>\n\t\t\t\t\t\t\t\t\t<\/li>\n\t\t\t\t\t\t\t\t<li class=\"elementor-icon-list-item\">\n\t\t\t\t\t\t\t\t\t\t\t<span class=\"elementor-icon-list-icon\">\n\t\t\t\t\t\t\t<i aria-hidden=\"true\" class=\"far fa-check-circle\"><\/i>\t\t\t\t\t\t<\/span>\n\t\t\t\t\t\t\t\t\t\t<span class=\"elementor-icon-list-text\">Certificado energ\u00e9tico<\/span>\n\t\t\t\t\t\t\t\t\t<\/li>\n\t\t\t\t\t\t\t\t<li class=\"elementor-icon-list-item\">\n\t\t\t\t\t\t\t\t\t\t\t<span class=\"elementor-icon-list-icon\">\n\t\t\t\t\t\t\t<i aria-hidden=\"true\" class=\"far fa-check-circle\"><\/i>\t\t\t\t\t\t<\/span>\n\t\t\t\t\t\t\t\t\t\t<span class=\"elementor-icon-list-text\">Copia de la licencia de primera ocupaci\u00f3n (si dispones de ella)<\/span>\n\t\t\t\t\t\t\t\t\t<\/li>\n\t\t\t\t\t\t\t\t<li class=\"elementor-icon-list-item\">\n\t\t\t\t\t\t\t\t\t\t\t<span class=\"elementor-icon-list-icon\">\n\t\t\t\t\t\t\t<i aria-hidden=\"true\" class=\"far fa-check-circle\"><\/i>\t\t\t\t\t\t<\/span>\n\t\t\t\t\t\t\t\t\t\t<span class=\"elementor-icon-list-text\">Relaci\u00f3n de inventario (si la venta es con inventario\/contenido) <\/span>\n\t\t\t\t\t\t\t\t\t<\/li>\n\t\t\t\t\t\t\t\t<li class=\"elementor-icon-list-item\">\n\t\t\t\t\t\t\t\t\t\t\t<span class=\"elementor-icon-list-icon\">\n\t\t\t\t\t\t\t<i aria-hidden=\"true\" class=\"far fa-check-circle\"><\/i>\t\t\t\t\t\t<\/span>\n\t\t\t\t\t\t\t\t\t\t<span class=\"elementor-icon-list-text\">Si la vivienda est\u00e1 sujeta a una hipoteca, datos de contacto del banco y confirmaci\u00f3n del saldo pendiente de la hipoteca<\/span>\n\t\t\t\t\t\t\t\t\t<\/li>\n\t\t\t\t\t\t<\/ul>\n\t\t\t\t\t\t<\/div>\n\t\t\t\t<\/div>\n\t\t\t\t<div class=\"elementor-element elementor-element-fdc733c elementor-widget elementor-widget-text-editor\" data-id=\"fdc733c\" data-element_type=\"widget\" data-widget_type=\"text-editor.default\">\n\t\t\t\t<div class=\"elementor-widget-container\">\n\t\t\t\t\t\t\t\t\t<p><span lang=\"es-ES\">Gran parte de los documentos que se piden actualmente son nuevos y no eran necesarios en el momento de la compra original. Es habitual tener que acudir al ayuntamiento o al catastro para solicitar esta documentaci\u00f3n. Por este motivo, recomendamos a los vendedores que contraten a un \u200b\u200babogado para que les ayude con el proceso de venta. Ni que decir tiene que nosotros podemos ponerte en contacto con un abogado especialista.<\/span><\/p><p><span lang=\"es-ES\">Una vez que dispongamos de toda la informaci\u00f3n, comenzaremos con la promoci\u00f3n. Damos a conocer a tu propiedad en nuestro propio sitio web y dentro de nuestra red de m\u00e1s de 1300 agentes inmobiliarios en la Costa del Sol.<\/span><\/p><p><span lang=\"es-ES\">Buscamos y seleccionamos compradores serios y preparados, para evitar as\u00ed visitas innecesarias y perder el tiempo. Te acompa\u00f1amos durante toda la negociaci\u00f3n y defendemos tus intereses para conseguir las mejores condiciones. Te orientamos durante el proceso administrativo y jur\u00eddico requerido para la venta de tu propiedad, para evitar errores y complicaciones y garantizar una venta segura y sin problemas.<\/span><\/p><p><a href=\"\/es\/contacto\"><span lang=\"es-ES\"><b>Ponte en contacto con nosotros<\/b><\/span><\/a><span lang=\"es-ES\"> hoy mismo para empezar a vender tu inmueble.<\/span><\/p><div id=\"gtx-trans\" style=\"position: absolute; left: -33px; top: 518px;\"><div class=\"gtx-trans-icon\">\u00a0<\/div><\/div>\t\t\t\t\t\t\t\t<\/div>\n\t\t\t\t<\/div>\n\t\t\t\t\t<\/div>\n\t\t<\/div>\n\t\t\t\t\t<\/div>\n\t\t<\/section>\n\t\t\t\t<\/div>\n\t\t","protected":false},"excerpt":{"rendered":"Vender con Media Mandarina \u00bfTienes pensado vender tu propiedad en la Costa del Sol o en el interior andaluz? En ese caso, Media Mandarina te puede ayudar. Para empezar, podemos ayudarte a tasar el valor de tu inmueble y a determinar un precio de venta adecuado. Tambi\u00e9n nos ocupamos de realizar fotos y de redactar [&hellip;]","protected":false},"author":1,"featured_media":0,"parent":0,"menu_order":0,"comment_status":"closed","ping_status":"closed","template":"elementor_header_footer","meta":{"footnotes":""},"class_list":["post-18260","page","type-page","status-publish","hentry"],"_links":{"self":[{"href":"https:\/\/media-mandarina.com\/es\/wp-json\/wp\/v2\/pages\/18260","targetHints":{"allow":["GET"]}}],"collection":[{"href":"https:\/\/media-mandarina.com\/es\/wp-json\/wp\/v2\/pages"}],"about":[{"href":"https:\/\/media-mandarina.com\/es\/wp-json\/wp\/v2\/types\/page"}],"author":[{"embeddable":true,"href":"https:\/\/media-mandarina.com\/es\/wp-json\/wp\/v2\/users\/1"}],"replies":[{"embeddable":true,"href":"https:\/\/media-mandarina.com\/es\/wp-json\/wp\/v2\/comments?post=18260"}],"version-history":[{"count":0,"href":"https:\/\/media-mandarina.com\/es\/wp-json\/wp\/v2\/pages\/18260\/revisions"}],"wp:attachment":[{"href":"https:\/\/media-mandarina.com\/es\/wp-json\/wp\/v2\/media?parent=18260"}],"curies":[{"name":"wp","href":"https:\/\/api.w.org\/{rel}","templated":true}]}}