{"id":18268,"date":"2023-08-28T00:31:26","date_gmt":"2023-08-28T00:31:26","guid":{"rendered":"https:\/\/media-mandarina.com\/about-us\/"},"modified":"2023-11-22T18:43:40","modified_gmt":"2023-11-22T18:43:40","slug":"quienes-somos","status":"publish","type":"page","link":"https:\/\/media-mandarina.com\/es\/quienes-somos\/","title":{"rendered":"Qui\u00e9nes somos"},"content":{"rendered":"\t\t<div data-elementor-type=\"wp-page\" data-elementor-id=\"18268\" class=\"elementor elementor-18268 elementor-17505\" data-elementor-post-type=\"page\">\n\t\t\t\t\t\t<section class=\"elementor-section elementor-top-section elementor-element elementor-element-5260dd9 elementor-section-height-min-height animated-slow elementor-section-boxed elementor-section-height-default elementor-section-items-middle elementor-invisible\" data-id=\"5260dd9\" data-element_type=\"section\" data-settings=\"{&quot;background_background&quot;:&quot;classic&quot;,&quot;animation&quot;:&quot;fadeIn&quot;}\">\n\t\t\t\t\t\t\t<div class=\"elementor-background-overlay\"><\/div>\n\t\t\t\t\t\t\t<div class=\"elementor-container elementor-column-gap-default\">\n\t\t\t\t\t<div class=\"elementor-column elementor-col-100 elementor-top-column elementor-element elementor-element-50700da\" data-id=\"50700da\" data-element_type=\"column\">\n\t\t\t<div class=\"elementor-widget-wrap elementor-element-populated\">\n\t\t\t\t\t\t<div class=\"elementor-element elementor-element-a1e3434 elementor-widget elementor-widget-heading\" data-id=\"a1e3434\" data-element_type=\"widget\" data-widget_type=\"heading.default\">\n\t\t\t\t<div class=\"elementor-widget-container\">\n\t\t\t\t\t<h1 class=\"elementor-heading-title elementor-size-default\">Qui\u00e9nes somos<\/h1>\t\t\t\t<\/div>\n\t\t\t\t<\/div>\n\t\t\t\t\t<\/div>\n\t\t<\/div>\n\t\t\t\t\t<\/div>\n\t\t<\/section>\n\t\t\t\t<section class=\"elementor-section elementor-top-section elementor-element elementor-element-0e2e646 elementor-section-content-middle elementor-section-boxed elementor-section-height-default elementor-section-height-default\" data-id=\"0e2e646\" data-element_type=\"section\">\n\t\t\t\t\t\t<div class=\"elementor-container elementor-column-gap-default\">\n\t\t\t\t\t<div class=\"elementor-column elementor-col-50 elementor-top-column elementor-element elementor-element-2b273f7\" data-id=\"2b273f7\" data-element_type=\"column\">\n\t\t\t<div class=\"elementor-widget-wrap elementor-element-populated\">\n\t\t\t\t\t\t<div class=\"elementor-element elementor-element-9ffe237 elementor-widget elementor-widget-text-editor\" data-id=\"9ffe237\" data-element_type=\"widget\" data-widget_type=\"text-editor.default\">\n\t\t\t\t<div class=\"elementor-widget-container\">\n\t\t\t\t\t\t\t\t\t<span lang=\"es-ES\">Me llamo An (Ana en espa\u00f1ol) y ya hace bastante que cambi\u00e9 B\u00e9lgica por el sol de la costa malague\u00f1a. Como vivo en Alhaur\u00edn el Grande, entre M\u00e1laga y Marbella, conozco muy bien el tri\u00e1ngulo formado por la Costa del Sol y el interior de la provincia de M\u00e1laga. La capital me parece una ciudad fant\u00e1stica para pasear. Pero tambi\u00e9n disfruto haciendo senderismo en la Sierra de Mijas o en la Sierra de las Nievas, descansando en una hamaca en la playa de Cabopino en Marbella y tomando una copa en un chiringuito para cerrar el d\u00eda.<\/span>\n\n<span lang=\"es-ES\">Adem\u00e1s de contar con una extensa experiencia en ventas en B\u00e9lgica, me hace mucha ilusi\u00f3n ayudar a mis clientes a encontrar su casa perfecta, ya sea en la costa o en el campo. <\/span><a href=\"https:\/\/media-mandarina.com\/es\/comprar#form\"><strong><span lang=\"es-ES\">Una vez que me hayas dicho cu\u00e1les son tus preferencias <\/span><\/strong><\/a><span lang=\"es-ES\">cu\u00e1les son tus preferencias, me pondr\u00e9 manos a la obra para proponerte la casa que est\u00e1s buscando. <\/span>\n\n<span lang=\"es-ES\">Sabemos perfectamente que tomar una decisi\u00f3n puede resultar muy dif\u00edcil, sobre todo a la hora de comprar una vivienda. Hace falta experiencia y empat\u00eda para entender qu\u00e9 es lo que buscas y encontrar la vivienda so\u00f1ada.<\/span>\n\n<span lang=\"es-ES\">Media Mandarina te acompa\u00f1a durante todo el proceso, desde el momento en que empiezas a so\u00f1ar hasta que recibes las llaves. Y ponemos todos nuestros conocimientos a tu disposici\u00f3n para ofrecerte una experiencia inmejorable como cliente. Estamos totalmente convencidos de que nuestra pasi\u00f3n ser\u00e1 un valor a\u00f1adido para ti. Adem\u00e1s, nos llena de orgullo poder ayudar a nuestros clientes a hacer realidad su sue\u00f1o en el sur de Espa\u00f1a.<\/span>\t\t\t\t\t\t\t\t<\/div>\n\t\t\t\t<\/div>\n\t\t\t\t\t<\/div>\n\t\t<\/div>\n\t\t\t\t<div class=\"elementor-column elementor-col-50 elementor-top-column elementor-element elementor-element-2bc0ff3\" data-id=\"2bc0ff3\" data-element_type=\"column\">\n\t\t\t<div class=\"elementor-widget-wrap elementor-element-populated\">\n\t\t\t\t\t\t<div class=\"elementor-element elementor-element-6c1d5db elementor-widget__width-initial elementor-widget elementor-widget-image\" data-id=\"6c1d5db\" data-element_type=\"widget\" data-widget_type=\"image.default\">\n\t\t\t\t<div class=\"elementor-widget-container\">\n\t\t\t\t\t\t\t\t\t\t\t\t\t\t\t<img fetchpriority=\"high\" decoding=\"async\" width=\"768\" height=\"1152\" src=\"https:\/\/media-mandarina.com\/wp-content\/uploads\/2023\/10\/An-foto-essent-scaled-1-768x1152.jpg\" class=\"attachment-medium_large size-medium_large wp-image-18501\" alt=\"\" srcset=\"https:\/\/media-mandarina.com\/wp-content\/uploads\/2023\/10\/An-foto-essent-scaled-1-768x1152.jpg 768w, https:\/\/media-mandarina.com\/wp-content\/uploads\/2023\/10\/An-foto-essent-scaled-1-200x300.jpg 200w, https:\/\/media-mandarina.com\/wp-content\/uploads\/2023\/10\/An-foto-essent-scaled-1-683x1024.jpg 683w, https:\/\/media-mandarina.com\/wp-content\/uploads\/2023\/10\/An-foto-essent-scaled-1-1024x1536.jpg 1024w, https:\/\/media-mandarina.com\/wp-content\/uploads\/2023\/10\/An-foto-essent-scaled-1-1366x2048.jpg 1366w, https:\/\/media-mandarina.com\/wp-content\/uploads\/2023\/10\/An-foto-essent-scaled-1-400x600.jpg 400w, https:\/\/media-mandarina.com\/wp-content\/uploads\/2023\/10\/An-foto-essent-scaled-1-496x744.jpg 496w, https:\/\/media-mandarina.com\/wp-content\/uploads\/2023\/10\/An-foto-essent-scaled-1-1320x1980.jpg 1320w, https:\/\/media-mandarina.com\/wp-content\/uploads\/2023\/10\/An-foto-essent-scaled-1.jpg 1707w\" sizes=\"(max-width: 768px) 100vw, 768px\" \/>\t\t\t\t\t\t\t\t\t\t\t\t\t\t\t<\/div>\n\t\t\t\t<\/div>\n\t\t\t\t\t<\/div>\n\t\t<\/div>\n\t\t\t\t\t<\/div>\n\t\t<\/section>\n\t\t\t\t<\/div>\n\t\t","protected":false},"excerpt":{"rendered":"Qui\u00e9nes somos Me llamo An (Ana en espa\u00f1ol) y ya hace bastante que cambi\u00e9 B\u00e9lgica por el sol de la costa malague\u00f1a. Como vivo en Alhaur\u00edn el Grande, entre M\u00e1laga y Marbella, conozco muy bien el tri\u00e1ngulo formado por la Costa del Sol y el interior de la provincia de M\u00e1laga. La capital me parece [&hellip;]","protected":false},"author":1,"featured_media":0,"parent":0,"menu_order":0,"comment_status":"closed","ping_status":"closed","template":"elementor_header_footer","meta":{"footnotes":""},"class_list":["post-18268","page","type-page","status-publish","hentry"],"_links":{"self":[{"href":"https:\/\/media-mandarina.com\/es\/wp-json\/wp\/v2\/pages\/18268","targetHints":{"allow":["GET"]}}],"collection":[{"href":"https:\/\/media-mandarina.com\/es\/wp-json\/wp\/v2\/pages"}],"about":[{"href":"https:\/\/media-mandarina.com\/es\/wp-json\/wp\/v2\/types\/page"}],"author":[{"embeddable":true,"href":"https:\/\/media-mandarina.com\/es\/wp-json\/wp\/v2\/users\/1"}],"replies":[{"embeddable":true,"href":"https:\/\/media-mandarina.com\/es\/wp-json\/wp\/v2\/comments?post=18268"}],"version-history":[{"count":0,"href":"https:\/\/media-mandarina.com\/es\/wp-json\/wp\/v2\/pages\/18268\/revisions"}],"wp:attachment":[{"href":"https:\/\/media-mandarina.com\/es\/wp-json\/wp\/v2\/media?parent=18268"}],"curies":[{"name":"wp","href":"https:\/\/api.w.org\/{rel}","templated":true}]}}