{"id":18453,"date":"2023-08-28T00:38:49","date_gmt":"2023-08-28T00:38:49","guid":{"rendered":"https:\/\/media-mandarina.com\/privacy-policy\/"},"modified":"2023-10-05T00:25:51","modified_gmt":"2023-10-05T00:25:51","slug":"declaracion-de-confidencialidad","status":"publish","type":"page","link":"https:\/\/media-mandarina.com\/es\/declaracion-de-confidencialidad\/","title":{"rendered":"Declaraci\u00f3n de confidencialidad"},"content":{"rendered":"\t\t<div data-elementor-type=\"wp-page\" data-elementor-id=\"18453\" class=\"elementor elementor-18453 elementor-17521\" data-elementor-post-type=\"page\">\n\t\t\t\t\t\t<section class=\"elementor-section elementor-top-section elementor-element elementor-element-3114d22 elementor-section-boxed elementor-section-height-default elementor-section-height-default\" data-id=\"3114d22\" data-element_type=\"section\">\n\t\t\t\t\t\t<div class=\"elementor-container elementor-column-gap-default\">\n\t\t\t\t\t<div class=\"elementor-column elementor-col-100 elementor-top-column elementor-element elementor-element-4aea924\" data-id=\"4aea924\" data-element_type=\"column\" data-settings=\"{&quot;background_background&quot;:&quot;classic&quot;}\">\n\t\t\t<div class=\"elementor-widget-wrap elementor-element-populated\">\n\t\t\t\t\t\t<div class=\"elementor-element elementor-element-3e66019 elementor-widget elementor-widget-heading\" data-id=\"3e66019\" data-element_type=\"widget\" data-widget_type=\"heading.default\">\n\t\t\t\t<div class=\"elementor-widget-container\">\n\t\t\t\t\t<h2 class=\"elementor-heading-title elementor-size-default\">Declaraci\u00f3n de confidencialidad<\/h2>\t\t\t\t<\/div>\n\t\t\t\t<\/div>\n\t\t\t\t<div class=\"elementor-element elementor-element-2078e09 elementor-widget elementor-widget-text-editor\" data-id=\"2078e09\" data-element_type=\"widget\" data-widget_type=\"text-editor.default\">\n\t\t\t\t<div class=\"elementor-widget-container\">\n\t\t\t\t\t\t\t\t\t<p><span style=\"font-size: medium;\">Para Media Mandarina, la privacidad de tus datos es muy importante. Si bien puedes consultar la mayor parte de la informaci\u00f3n en este sitio sin necesidad de proporcionar datos personales, es posible que en algunos casos se te solicita este tipo de informaci\u00f3n. Esta informaci\u00f3n solo se utilizar\u00e1 para fines de gesti\u00f3n de clientes y para mantenerte al tanto de nuestras actividades mediante correos\/boletines informativos. <\/span><\/p><p><span style=\"font-size: medium;\">A continuaci\u00f3n encontrar\u00e1s una lista de los datos que recopilamos:<\/span><\/p><ul><li><p><span style=\"font-size: medium;\">nombre y apellidos<\/span><\/p><\/li><li><p><span style=\"font-size: medium;\">correo electr\u00f3nico<\/span><\/p><\/li><li><p><span style=\"font-size: medium;\">n\u00famero de tel\u00e9fono<\/span><\/p><\/li><li><p><span style=\"font-size: medium;\">n\u00famero de m\u00f3vil<\/span><\/p><\/li><\/ul><p><span style=\"font-size: medium;\">En el formulario en nuestro sitio recopilamos informaci\u00f3n adicional, a saber:<\/span><\/p><ul><li><p><span style=\"font-size: medium;\">criterios de b\u00fasqueda para propriedades<\/span><\/p><\/li><\/ul><p><span style=\"font-size: medium;\">Quienes visiten el sito podr\u00e1n oponerse en todo modo momento y sin costo alguno, contra el uso de sus datos para marketing directo. Para tal fin deber\u00e1n comunicarse Media Mandarina Real Estate SL a trav\u00e9s de info@media-mandarina.com. Tus datos personales nunca ser\u00e1n transmitidos a terceros.<\/span><\/p><p><span style=\"font-size: medium;\">La ley les otorga a los y las usuarias el derecho de consulta y eventual rectificaci\u00f3n\/supresi\u00f3n de sus datos personales. Siempre que compruebes tu identidad (mediante c\u00f3pia del DNI) podr\u00e1s solicitar a Media Mandarina Real Estate SL a trav\u00e9s de info@media-mandarina.com que se te haga llegar una versi\u00f3n impresa de tus datos personales. De ser necesario, tambi\u00e9n puedes solicitar la rectificaci\u00f3n\/supresi\u00f3n de los datos que resulten incorrectos, incompletos o irrelevantes.<\/span><\/p><p><span style=\"font-size: medium;\">Media Mandarina SL puede llegar a recopilar datos an\u00f3nimos o agregados de naturaleza no personal, como el tipo de navegador, la direcci\u00f3n IP, el sistema operativo de tu dispositivo o el nombre del dominio del sitio que te dirigi\u00f3 a nuestro sitio, o del sitio que visitas depu\u00e9s de abandonar el nuestro. Esto nos permite optimizar en todo momento nuestro sitio para quienes lo visitan.<\/span><\/p>\t\t\t\t\t\t\t\t<\/div>\n\t\t\t\t<\/div>\n\t\t\t\t\t<\/div>\n\t\t<\/div>\n\t\t\t\t\t<\/div>\n\t\t<\/section>\n\t\t\t\t<\/div>\n\t\t","protected":false},"excerpt":{"rendered":"Declaraci\u00f3n de confidencialidad Para Media Mandarina, la privacidad de tus datos es muy importante. Si bien puedes consultar la mayor parte de la informaci\u00f3n en este sitio sin necesidad de proporcionar datos personales, es posible que en algunos casos se te solicita este tipo de informaci\u00f3n. Esta informaci\u00f3n solo se utilizar\u00e1 para fines de gesti\u00f3n [&hellip;]","protected":false},"author":1,"featured_media":0,"parent":0,"menu_order":0,"comment_status":"closed","ping_status":"closed","template":"elementor_header_footer","meta":{"footnotes":""},"class_list":["post-18453","page","type-page","status-publish","hentry"],"_links":{"self":[{"href":"https:\/\/media-mandarina.com\/es\/wp-json\/wp\/v2\/pages\/18453","targetHints":{"allow":["GET"]}}],"collection":[{"href":"https:\/\/media-mandarina.com\/es\/wp-json\/wp\/v2\/pages"}],"about":[{"href":"https:\/\/media-mandarina.com\/es\/wp-json\/wp\/v2\/types\/page"}],"author":[{"embeddable":true,"href":"https:\/\/media-mandarina.com\/es\/wp-json\/wp\/v2\/users\/1"}],"replies":[{"embeddable":true,"href":"https:\/\/media-mandarina.com\/es\/wp-json\/wp\/v2\/comments?post=18453"}],"version-history":[{"count":0,"href":"https:\/\/media-mandarina.com\/es\/wp-json\/wp\/v2\/pages\/18453\/revisions"}],"wp:attachment":[{"href":"https:\/\/media-mandarina.com\/es\/wp-json\/wp\/v2\/media?parent=18453"}],"curies":[{"name":"wp","href":"https:\/\/api.w.org\/{rel}","templated":true}]}}