{"id":18248,"date":"2023-08-27T23:07:00","date_gmt":"2023-08-27T23:07:00","guid":{"rendered":"https:\/\/media-mandarina.com\/buying\/"},"modified":"2023-11-20T01:41:26","modified_gmt":"2023-11-20T01:41:26","slug":"acheter","status":"publish","type":"page","link":"https:\/\/media-mandarina.com\/fr\/acheter\/","title":{"rendered":"Acheter avec Media Mandarina"},"content":{"rendered":"\t\t<div data-elementor-type=\"wp-page\" data-elementor-id=\"18248\" class=\"elementor elementor-18248 elementor-17487\" data-elementor-post-type=\"page\">\n\t\t\t\t\t\t<section class=\"elementor-section elementor-top-section elementor-element elementor-element-82ddc6f elementor-section-boxed elementor-section-height-default elementor-section-height-default\" data-id=\"82ddc6f\" data-element_type=\"section\" data-settings=\"{&quot;background_background&quot;:&quot;classic&quot;}\">\n\t\t\t\t\t\t<div class=\"elementor-container elementor-column-gap-default\">\n\t\t\t\t\t<div class=\"elementor-column elementor-col-100 elementor-top-column elementor-element elementor-element-819d419\" data-id=\"819d419\" data-element_type=\"column\">\n\t\t\t<div class=\"elementor-widget-wrap elementor-element-populated\">\n\t\t\t\t\t\t<div class=\"elementor-element elementor-element-42612d7 elementor-widget elementor-widget-heading\" data-id=\"42612d7\" data-element_type=\"widget\" data-widget_type=\"heading.default\">\n\t\t\t\t<div class=\"elementor-widget-container\">\n\t\t\t\t\t<h2 class=\"elementor-heading-title elementor-size-default\">Acheter avec Media Mandarina<\/h2>\t\t\t\t<\/div>\n\t\t\t\t<\/div>\n\t\t\t\t<div class=\"elementor-element elementor-element-80da21a elementor-widget elementor-widget-text-editor\" data-id=\"80da21a\" data-element_type=\"widget\" data-widget_type=\"text-editor.default\">\n\t\t\t\t<div class=\"elementor-widget-container\">\n\t\t\t\t\t\t\t\t\t<p>Media Mandarina vous accompagnera tout au long du processus, de la visite \u00e0 la signature de l&#8217;acte de vente.<\/p><p>Nous veillons \u00e0 ce que tous les documents juridiques n\u00e9cessaires soient pr\u00e9sents. Un notaire est obligatoire pour le transfert de propri\u00e9t\u00e9 d&#8217;un bien immobilier, mais contrairement \u00e0 d&#8217;autres pays, en Espagne, c&#8217;est un avocat qui se charge de la plupart des recherches juridiques. Si vous le souhaitez, nous pouvons vous mettre en contact avec un avocat (qui parle votre langue) et un notaire. Vous avez ainsi l&#8217;assurance d&#8217;acheter la propri\u00e9t\u00e9 de vos r\u00eaves en toute confiance et en toute s\u00e9curit\u00e9.<\/p><p>M\u00eame apr\u00e8s l&#8217;achat, nous serons ravis de vous aider \u00e0 trouver un homme \u00e0 tout faire, un peintre, un plombier ou un \u00e9lectricien, par exemple. <br \/>Si vous souhaitez louer votre bien, nous pouvons \u00e9galement vous aider dans la gestion des cl\u00e9s.<\/p>\t\t\t\t\t\t\t\t<\/div>\n\t\t\t\t<\/div>\n\t\t\t\t<div class=\"elementor-element elementor-element-cd4cadb elementor-widget elementor-widget-html\" data-id=\"cd4cadb\" data-element_type=\"widget\" data-widget_type=\"html.default\">\n\t\t\t\t<div class=\"elementor-widget-container\">\n\t\t\t\t\t<div style=\"width: 0; height: 0; top: -70px; position: absolute;\" id=\"form\"><\/div>\t\t\t\t<\/div>\n\t\t\t\t<\/div>\n\t\t\t\t<div class=\"elementor-element elementor-element-673c0be elementor-widget elementor-widget-heading\" data-id=\"673c0be\" data-element_type=\"widget\" data-widget_type=\"heading.default\">\n\t\t\t\t<div class=\"elementor-widget-container\">\n\t\t\t\t\t<h2 class=\"elementor-heading-title elementor-size-default\">Faites-nous part de vos souhaits en mati\u00e8re de logement et nous trouverons la propri\u00e9t\u00e9 de vos r\u00eaves!<\/h2>\t\t\t\t<\/div>\n\t\t\t\t<\/div>\n\t\t\t\t<div class=\"elementor-element elementor-element-3cd5da4 elementor-widget elementor-widget-text-editor\" data-id=\"3cd5da4\" data-element_type=\"widget\" data-widget_type=\"text-editor.default\">\n\t\t\t\t<div class=\"elementor-widget-container\">\n\t\t\t\t\t\t\t\t\t<p>Vous pouvez toujours consulter nos propri\u00e9t\u00e9s disponibles via le formulaire en haut de votre \u00e9cran. Si vous pr\u00e9f\u00e9rez que nous recherchions des propri\u00e9t\u00e9s compatibles pour vous, n&#8217;h\u00e9sitez pas \u00e0 nous faire part de vos besoins ci-dessous et nous vous contacterons.<\/p>\t\t\t\t\t\t\t\t<\/div>\n\t\t\t\t<\/div>\n\t\t\t\t<div class=\"elementor-element elementor-element-29f255b elementor-button-align-stretch elementor-widget elementor-widget-form\" data-id=\"29f255b\" data-element_type=\"widget\" data-settings=\"{&quot;step_next_label&quot;:&quot;Next&quot;,&quot;step_previous_label&quot;:&quot;Previous&quot;,&quot;button_width&quot;:&quot;100&quot;,&quot;step_type&quot;:&quot;number_text&quot;,&quot;step_icon_shape&quot;:&quot;circle&quot;}\" data-widget_type=\"form.default\">\n\t\t\t\t<div class=\"elementor-widget-container\">\n\t\t\t\t\t\t\t<form class=\"elementor-form\" method=\"post\" name=\"New Form\">\n\t\t\t<input type=\"hidden\" name=\"post_id\" value=\"18248\"\/>\n\t\t\t<input type=\"hidden\" name=\"form_id\" value=\"29f255b\"\/>\n\t\t\t<input type=\"hidden\" name=\"referer_title\" value=\"\" \/>\n\n\t\t\t\n\t\t\t<div class=\"elementor-form-fields-wrapper elementor-labels-above\">\n\t\t\t\t\t\t\t\t<div class=\"elementor-field-type-text elementor-field-group elementor-column elementor-field-group-name elementor-col-50 elementor-field-required\">\n\t\t\t\t\t\t\t\t\t\t\t\t<label for=\"form-field-name\" class=\"elementor-field-label\">\n\t\t\t\t\t\t\t\tPr\u00e9nom\u00a0\t\t\t\t\t\t\t<\/label>\n\t\t\t\t\t\t\t\t\t\t\t\t\t\t<input size=\"1\" type=\"text\" name=\"form_fields[name]\" id=\"form-field-name\" class=\"elementor-field elementor-size-sm  elementor-field-textual\" required=\"required\">\n\t\t\t\t\t\t\t\t\t\t\t<\/div>\n\t\t\t\t\t\t\t\t<div class=\"elementor-field-type-text elementor-field-group elementor-column elementor-field-group-field_bda38e5 elementor-col-50 elementor-field-required\">\n\t\t\t\t\t\t\t\t\t\t\t\t<label for=\"form-field-field_bda38e5\" class=\"elementor-field-label\">\n\t\t\t\t\t\t\t\tNom\t\t\t\t\t\t\t<\/label>\n\t\t\t\t\t\t\t\t\t\t\t\t\t\t<input size=\"1\" type=\"text\" name=\"form_fields[field_bda38e5]\" id=\"form-field-field_bda38e5\" class=\"elementor-field elementor-size-sm  elementor-field-textual\" required=\"required\">\n\t\t\t\t\t\t\t\t\t\t\t<\/div>\n\t\t\t\t\t\t\t\t<div class=\"elementor-field-type-tel elementor-field-group elementor-column elementor-field-group-field_9989406 elementor-col-100 elementor-field-required\">\n\t\t\t\t\t\t\t\t\t\t\t\t<label for=\"form-field-field_9989406\" class=\"elementor-field-label\">\n\t\t\t\t\t\t\t\tNum\u00e9ro de t\u00e9l\u00e9phone\t\t\t\t\t\t\t<\/label>\n\t\t\t\t\t\t\t\t<input size=\"1\" type=\"tel\" name=\"form_fields[field_9989406]\" id=\"form-field-field_9989406\" class=\"elementor-field elementor-size-sm  elementor-field-textual\" required=\"required\" pattern=\"[0-9()#&amp;+*-=.]+\" title=\"Only numbers and phone characters (#, -, *, etc) are accepted.\">\n\n\t\t\t\t\t\t<\/div>\n\t\t\t\t\t\t\t\t<div class=\"elementor-field-type-email elementor-field-group elementor-column elementor-field-group-email elementor-col-100 elementor-field-required\">\n\t\t\t\t\t\t\t\t\t\t\t\t<label for=\"form-field-email\" class=\"elementor-field-label\">\n\t\t\t\t\t\t\t\tAdresse e-mail\t\t\t\t\t\t\t<\/label>\n\t\t\t\t\t\t\t\t\t\t\t\t\t\t<input size=\"1\" type=\"email\" name=\"form_fields[email]\" id=\"form-field-email\" class=\"elementor-field elementor-size-sm  elementor-field-textual\" required=\"required\">\n\t\t\t\t\t\t\t\t\t\t\t<\/div>\n\t\t\t\t\t\t\t\t<div class=\"elementor-field-type-radio elementor-field-group elementor-column elementor-field-group-message elementor-col-100 elementor-field-required\">\n\t\t\t\t\t\t\t\t\t\t\t\t<label for=\"form-field-message\" class=\"elementor-field-label\">\n\t\t\t\t\t\t\t\tCherchez-vous une habitation existante ou une nouvelle construction?\t\t\t\t\t\t\t<\/label>\n\t\t\t\t\t\t<div class=\"elementor-field-subgroup  \"><span class=\"elementor-field-option\"><input type=\"radio\" value=\"Habitation existante\" id=\"form-field-message-0\" name=\"form_fields[message]\" required=\"required\"> <label for=\"form-field-message-0\">Habitation existante<\/label><\/span><span class=\"elementor-field-option\"><input type=\"radio\" value=\"Nouvelle construction\" id=\"form-field-message-1\" name=\"form_fields[message]\" required=\"required\"> <label for=\"form-field-message-1\">Nouvelle construction<\/label><\/span><span class=\"elementor-field-option\"><input type=\"radio\" value=\"Les deux\" id=\"form-field-message-2\" name=\"form_fields[message]\" required=\"required\"> <label for=\"form-field-message-2\">Les deux<\/label><\/span><\/div>\t\t\t\t<\/div>\n\t\t\t\t\t\t\t\t<div class=\"elementor-field-type-text elementor-field-group elementor-column elementor-field-group-field_a9de9f1 elementor-col-100 elementor-field-required\">\n\t\t\t\t\t\t\t\t\t\t\t\t<label for=\"form-field-field_a9de9f1\" class=\"elementor-field-label\">\n\t\t\t\t\t\t\t\tLocalisation\t\t\t\t\t\t\t\t<\/label>\n\t\t\t\t\t\t\t\t\t\t\t\t\t\t<input size=\"1\" type=\"text\" name=\"form_fields[field_a9de9f1]\" id=\"form-field-field_a9de9f1\" class=\"elementor-field elementor-size-sm  elementor-field-textual\" required=\"required\">\n\t\t\t\t\t\t\t\t\t\t\t<\/div>\n\t\t\t\t\t\t\t\t<div class=\"elementor-field-type-checkbox elementor-field-group elementor-column elementor-field-group-field_d7961bc elementor-col-100\">\n\t\t\t\t\t\t\t\t\t\t\t\t<label for=\"form-field-field_d7961bc\" class=\"elementor-field-label\">\n\t\t\t\t\t\t\t\tType de bien\t\t\t\t\t\t\t<\/label>\n\t\t\t\t\t\t<div class=\"elementor-field-subgroup  elementor-subgroup-inline\"><span class=\"elementor-field-option\"><input type=\"checkbox\" value=\"Villa\" id=\"form-field-field_d7961bc-0\" name=\"form_fields[field_d7961bc][]\"> <label for=\"form-field-field_d7961bc-0\">Villa<\/label><\/span><span class=\"elementor-field-option\"><input type=\"checkbox\" value=\"Appartement\" id=\"form-field-field_d7961bc-1\" name=\"form_fields[field_d7961bc][]\"> <label for=\"form-field-field_d7961bc-1\">Appartement<\/label><\/span><span class=\"elementor-field-option\"><input type=\"checkbox\" value=\"Penthouse\" id=\"form-field-field_d7961bc-2\" name=\"form_fields[field_d7961bc][]\"> <label for=\"form-field-field_d7961bc-2\">Penthouse<\/label><\/span><span class=\"elementor-field-option\"><input type=\"checkbox\" value=\"Maison de ville\" id=\"form-field-field_d7961bc-3\" name=\"form_fields[field_d7961bc][]\"> <label for=\"form-field-field_d7961bc-3\">Maison de ville<\/label><\/span><span class=\"elementor-field-option\"><input type=\"checkbox\" value=\"Finca-Cortijo\" id=\"form-field-field_d7961bc-4\" name=\"form_fields[field_d7961bc][]\"> <label for=\"form-field-field_d7961bc-4\">Finca-Cortijo<\/label><\/span><span class=\"elementor-field-option\"><input type=\"checkbox\" value=\"Terrains\" id=\"form-field-field_d7961bc-5\" name=\"form_fields[field_d7961bc][]\"> <label for=\"form-field-field_d7961bc-5\">Terrains<\/label><\/span><\/div>\t\t\t\t<\/div>\n\t\t\t\t\t\t\t\t<div class=\"elementor-field-type-text elementor-field-group elementor-column elementor-field-group-field_4e6a566 elementor-col-100 elementor-field-required\">\n\t\t\t\t\t\t\t\t\t\t\t\t<label for=\"form-field-field_4e6a566\" class=\"elementor-field-label\">\n\t\t\t\t\t\t\t\tBudget\t\t\t\t\t\t\t<\/label>\n\t\t\t\t\t\t\t\t\t\t\t\t\t\t<input size=\"1\" type=\"text\" name=\"form_fields[field_4e6a566]\" id=\"form-field-field_4e6a566\" class=\"elementor-field elementor-size-sm  elementor-field-textual\" required=\"required\">\n\t\t\t\t\t\t\t\t\t\t\t<\/div>\n\t\t\t\t\t\t\t\t<div class=\"elementor-field-type-radio elementor-field-group elementor-column elementor-field-group-field_9c046a0 elementor-col-100 elementor-field-required\">\n\t\t\t\t\t\t\t\t\t\t\t\t<label for=\"form-field-field_9c046a0\" class=\"elementor-field-label\">\n\t\t\t\t\t\t\t\tNombre de chambres\t\t\t\t\t\t\t<\/label>\n\t\t\t\t\t\t<div class=\"elementor-field-subgroup  elementor-subgroup-inline\"><span class=\"elementor-field-option\"><input type=\"radio\" value=\"1\" id=\"form-field-field_9c046a0-0\" name=\"form_fields[field_9c046a0]\" required=\"required\"> <label for=\"form-field-field_9c046a0-0\">1<\/label><\/span><span class=\"elementor-field-option\"><input type=\"radio\" value=\"2\" id=\"form-field-field_9c046a0-1\" name=\"form_fields[field_9c046a0]\" required=\"required\"> <label for=\"form-field-field_9c046a0-1\">2<\/label><\/span><span class=\"elementor-field-option\"><input type=\"radio\" value=\"3\" id=\"form-field-field_9c046a0-2\" name=\"form_fields[field_9c046a0]\" required=\"required\"> <label for=\"form-field-field_9c046a0-2\">3<\/label><\/span><span class=\"elementor-field-option\"><input type=\"radio\" value=\"4 ou plus\" id=\"form-field-field_9c046a0-3\" name=\"form_fields[field_9c046a0]\" required=\"required\"> <label for=\"form-field-field_9c046a0-3\">4 ou plus<\/label><\/span><\/div>\t\t\t\t<\/div>\n\t\t\t\t\t\t\t\t<div class=\"elementor-field-type-radio elementor-field-group elementor-column elementor-field-group-field_cad6403 elementor-col-100 elementor-field-required\">\n\t\t\t\t\t\t\t\t\t\t\t\t<label for=\"form-field-field_cad6403\" class=\"elementor-field-label\">\n\t\t\t\t\t\t\t\tNombre de salles de bain\t\t\t\t\t\t\t<\/label>\n\t\t\t\t\t\t<div class=\"elementor-field-subgroup  elementor-subgroup-inline\"><span class=\"elementor-field-option\"><input type=\"radio\" value=\"1\" id=\"form-field-field_cad6403-0\" name=\"form_fields[field_cad6403]\" required=\"required\"> <label for=\"form-field-field_cad6403-0\">1<\/label><\/span><span class=\"elementor-field-option\"><input type=\"radio\" value=\"2\" id=\"form-field-field_cad6403-1\" name=\"form_fields[field_cad6403]\" required=\"required\"> <label for=\"form-field-field_cad6403-1\">2<\/label><\/span><span class=\"elementor-field-option\"><input type=\"radio\" value=\"3\" id=\"form-field-field_cad6403-2\" name=\"form_fields[field_cad6403]\" required=\"required\"> <label for=\"form-field-field_cad6403-2\">3<\/label><\/span><span class=\"elementor-field-option\"><input type=\"radio\" value=\"4 ou plus\" id=\"form-field-field_cad6403-3\" name=\"form_fields[field_cad6403]\" required=\"required\"> <label for=\"form-field-field_cad6403-3\">4 ou plus<\/label><\/span><\/div>\t\t\t\t<\/div>\n\t\t\t\t\t\t\t\t<div class=\"elementor-field-type-textarea elementor-field-group elementor-column elementor-field-group-field_c2456f2 elementor-col-100\">\n\t\t\t\t\t\t\t\t\t\t\t\t<label for=\"form-field-field_c2456f2\" class=\"elementor-field-label\">\n\t\t\t\t\t\t\t\tQue souhaitez-vous en plus\u00a0? Par exemple, piscine, vue sur la mer ou sur la montagne, proximit\u00e9 de la ville\/de l'a\u00e9roport\/etc., parking, jardin, superficie du terrain, rez-de-chauss\u00e9e ou plut\u00f4t \u00e9tage, etc.\t\t\t\t\t\t\t<\/label>\n\t\t\t\t\t\t<textarea class=\"elementor-field-textual elementor-field  elementor-size-sm\" name=\"form_fields[field_c2456f2]\" id=\"form-field-field_c2456f2\" rows=\"4\"><\/textarea>\t\t\t\t<\/div>\n\t\t\t\t\t\t\t\t<div class=\"elementor-field-type-acceptance elementor-field-group elementor-column elementor-field-group-field_e095a5d elementor-col-100\">\n\t\t\t\t\t\t\t<div class=\"elementor-field-subgroup\">\n\t\t\t<span class=\"elementor-field-option\">\n\t\t\t\t<input type=\"checkbox\" name=\"form_fields[field_e095a5d]\" id=\"form-field-field_e095a5d\" class=\"elementor-field elementor-size-sm  elementor-acceptance-field\">\n\t\t\t\t<label for=\"form-field-field_e095a5d\">J'ai lu et j'accepte la <a href=\"\/privacy-policy\">d\u00e9claration de confidentialit\u00e9<\/a><\/label>\t\t\t<\/span>\n\t\t<\/div>\n\t\t\t\t\t\t<\/div>\n\t\t\t\t\t\t\t\t<div class=\"elementor-field-type-checkbox elementor-field-group elementor-column elementor-field-group-field_faac25b elementor-col-100\">\n\t\t\t\t\t<div class=\"elementor-field-subgroup  \"><span class=\"elementor-field-option\"><input type=\"checkbox\" value=\"Tenez-moi inform\u00e9(e) par e-mail des nouveaux biens post\u00e9s et des nouvelles opportunit\u00e9s\" id=\"form-field-field_faac25b-0\" name=\"form_fields[field_faac25b]\"> <label for=\"form-field-field_faac25b-0\">Tenez-moi inform\u00e9(e) par e-mail des nouveaux biens post\u00e9s et des nouvelles opportunit\u00e9s<\/label><\/span><\/div>\t\t\t\t<\/div>\n\t\t\t\t\t\t\t\t<div class=\"elementor-field-group elementor-column elementor-field-type-submit elementor-col-100 e-form__buttons\">\n\t\t\t\t\t<button class=\"elementor-button elementor-size-sm\" type=\"submit\">\n\t\t\t\t\t\t<span class=\"elementor-button-content-wrapper\">\n\t\t\t\t\t\t\t\t\t\t\t\t\t\t\t\t\t\t\t\t\t\t<span class=\"elementor-button-text\">Envoyer<\/span>\n\t\t\t\t\t\t\t\t\t\t\t\t\t<\/span>\n\t\t\t\t\t<\/button>\n\t\t\t\t<\/div>\n\t\t\t<\/div>\n\t\t<\/form>\n\t\t\t\t\t\t<\/div>\n\t\t\t\t<\/div>\n\t\t\t\t\t<\/div>\n\t\t<\/div>\n\t\t\t\t\t<\/div>\n\t\t<\/section>\n\t\t\t\t<\/div>\n\t\t","protected":false},"excerpt":{"rendered":"Acheter avec Media Mandarina Media Mandarina vous accompagnera tout au long du processus, de la visite \u00e0 la signature de l&#8217;acte de vente.Nous veillons \u00e0 ce que tous les documents juridiques n\u00e9cessaires soient pr\u00e9sents. Un notaire est obligatoire pour le transfert de propri\u00e9t\u00e9 d&#8217;un bien immobilier, mais contrairement \u00e0 d&#8217;autres pays, en Espagne, c&#8217;est un [&hellip;]","protected":false},"author":1,"featured_media":0,"parent":0,"menu_order":0,"comment_status":"closed","ping_status":"closed","template":"elementor_header_footer","meta":{"footnotes":""},"class_list":["post-18248","page","type-page","status-publish","hentry"],"_links":{"self":[{"href":"https:\/\/media-mandarina.com\/fr\/wp-json\/wp\/v2\/pages\/18248","targetHints":{"allow":["GET"]}}],"collection":[{"href":"https:\/\/media-mandarina.com\/fr\/wp-json\/wp\/v2\/pages"}],"about":[{"href":"https:\/\/media-mandarina.com\/fr\/wp-json\/wp\/v2\/types\/page"}],"author":[{"embeddable":true,"href":"https:\/\/media-mandarina.com\/fr\/wp-json\/wp\/v2\/users\/1"}],"replies":[{"embeddable":true,"href":"https:\/\/media-mandarina.com\/fr\/wp-json\/wp\/v2\/comments?post=18248"}],"version-history":[{"count":0,"href":"https:\/\/media-mandarina.com\/fr\/wp-json\/wp\/v2\/pages\/18248\/revisions"}],"wp:attachment":[{"href":"https:\/\/media-mandarina.com\/fr\/wp-json\/wp\/v2\/media?parent=18248"}],"curies":[{"name":"wp","href":"https:\/\/api.w.org\/{rel}","templated":true}]}}