{"id":18259,"date":"2023-08-27T23:21:33","date_gmt":"2023-08-27T23:21:33","guid":{"rendered":"https:\/\/media-mandarina.com\/selling\/"},"modified":"2023-10-09T00:59:06","modified_gmt":"2023-10-09T00:59:06","slug":"vendre","status":"publish","type":"page","link":"https:\/\/media-mandarina.com\/fr\/vendre\/","title":{"rendered":"Vendre avec Media Mandarina"},"content":{"rendered":"\t\t<div data-elementor-type=\"wp-page\" data-elementor-id=\"18259\" class=\"elementor elementor-18259 elementor-17495\" data-elementor-post-type=\"page\">\n\t\t\t\t\t\t<section class=\"elementor-section elementor-top-section elementor-element elementor-element-e4d898c elementor-section-boxed elementor-section-height-default elementor-section-height-default\" data-id=\"e4d898c\" data-element_type=\"section\">\n\t\t\t\t\t\t<div class=\"elementor-container elementor-column-gap-default\">\n\t\t\t\t\t<div class=\"elementor-column elementor-col-100 elementor-top-column elementor-element elementor-element-12592a4\" data-id=\"12592a4\" data-element_type=\"column\">\n\t\t\t<div class=\"elementor-widget-wrap elementor-element-populated\">\n\t\t\t\t\t\t<div class=\"elementor-element elementor-element-e521578 elementor-widget elementor-widget-heading\" data-id=\"e521578\" data-element_type=\"widget\" data-widget_type=\"heading.default\">\n\t\t\t\t<div class=\"elementor-widget-container\">\n\t\t\t\t\t<h2 class=\"elementor-heading-title elementor-size-default\">Vendre avec Media Mandarina<\/h2>\t\t\t\t<\/div>\n\t\t\t\t<\/div>\n\t\t\t\t<div class=\"elementor-element elementor-element-4c5ba47 elementor-widget elementor-widget-text-editor\" data-id=\"4c5ba47\" data-element_type=\"widget\" data-widget_type=\"text-editor.default\">\n\t\t\t\t<div class=\"elementor-widget-container\">\n\t\t\t\t\t\t\t\t\t<p>Vous envisagez de vendre votre propri\u00e9t\u00e9 sur la Costa del Sol ou \u00e0 l&#8217;int\u00e9rieur de l&#8217;Andalousie\u00a0? Dans ce cas, Media Mandarina peut vous accompagner dans cette d\u00e9marche.<\/p><p>En premier lieu, nous pouvons vous aider \u00e0 d\u00e9terminer la juste valeur de votre bien et un prix de vente ad\u00e9quat. Nous nous chargeons \u00e9galement de prendre des photos professionnelles et de r\u00e9diger des textes que nous pouvons utiliser dans les canaux de promotion que nous mettons \u00e0 disposition.<\/p><p>Nous v\u00e9rifions avec vous que tous les documents juridiques n\u00e9cessaires sont pr\u00e9sents. En effet, selon la nouvelle loi sur l&#8217;immobilier, en tant que propri\u00e9taire vous avez la responsabilit\u00e9 de remettre la documentation correcte au moment d&#8217;une vente. Pensez par exemple aux \u00e9l\u00e9ments suivants:<\/p>\t\t\t\t\t\t\t\t<\/div>\n\t\t\t\t<\/div>\n\t\t\t\t<div class=\"elementor-element elementor-element-7651cc2 elementor-icon-list--layout-traditional elementor-list-item-link-full_width elementor-widget elementor-widget-icon-list\" data-id=\"7651cc2\" data-element_type=\"widget\" data-widget_type=\"icon-list.default\">\n\t\t\t\t<div class=\"elementor-widget-container\">\n\t\t\t\t\t\t\t<ul class=\"elementor-icon-list-items\">\n\t\t\t\t\t\t\t<li class=\"elementor-icon-list-item\">\n\t\t\t\t\t\t\t\t\t\t\t<span class=\"elementor-icon-list-icon\">\n\t\t\t\t\t\t\t<i aria-hidden=\"true\" class=\"far fa-check-circle\"><\/i>\t\t\t\t\t\t<\/span>\n\t\t\t\t\t\t\t\t\t\t<span class=\"elementor-icon-list-text\">Acte de propri\u00e9t\u00e9\u00a0\/ donn\u00e9es cadastrales<\/span>\n\t\t\t\t\t\t\t\t\t<\/li>\n\t\t\t\t\t\t\t\t<li class=\"elementor-icon-list-item\">\n\t\t\t\t\t\t\t\t\t\t\t<span class=\"elementor-icon-list-icon\">\n\t\t\t\t\t\t\t<i aria-hidden=\"true\" class=\"far fa-check-circle\"><\/i>\t\t\t\t\t\t<\/span>\n\t\t\t\t\t\t\t\t\t\t<span class=\"elementor-icon-list-text\">Derni\u00e8re facture IBI (imp\u00f4t sur les biens immobiliers)<\/span>\n\t\t\t\t\t\t\t\t\t<\/li>\n\t\t\t\t\t\t\t\t<li class=\"elementor-icon-list-item\">\n\t\t\t\t\t\t\t\t\t\t\t<span class=\"elementor-icon-list-icon\">\n\t\t\t\t\t\t\t<i aria-hidden=\"true\" class=\"far fa-check-circle\"><\/i>\t\t\t\t\t\t<\/span>\n\t\t\t\t\t\t\t\t\t\t<span class=\"elementor-icon-list-text\">Derni\u00e8re facture pour la taxe sur les ordures m\u00e9nag\u00e8res (basura) <\/span>\n\t\t\t\t\t\t\t\t\t<\/li>\n\t\t\t\t\t\t\t\t<li class=\"elementor-icon-list-item\">\n\t\t\t\t\t\t\t\t\t\t\t<span class=\"elementor-icon-list-icon\">\n\t\t\t\t\t\t\t<i aria-hidden=\"true\" class=\"far fa-check-circle\"><\/i>\t\t\t\t\t\t<\/span>\n\t\t\t\t\t\t\t\t\t\t<span class=\"elementor-icon-list-text\">Une facture d'\u00e9lectricit\u00e9 r\u00e9cente<\/span>\n\t\t\t\t\t\t\t\t\t<\/li>\n\t\t\t\t\t\t\t\t<li class=\"elementor-icon-list-item\">\n\t\t\t\t\t\t\t\t\t\t\t<span class=\"elementor-icon-list-icon\">\n\t\t\t\t\t\t\t<i aria-hidden=\"true\" class=\"far fa-check-circle\"><\/i>\t\t\t\t\t\t<\/span>\n\t\t\t\t\t\t\t\t\t\t<span class=\"elementor-icon-list-text\">Une facture d'eau r\u00e9cente<\/span>\n\t\t\t\t\t\t\t\t\t<\/li>\n\t\t\t\t\t\t\t\t<li class=\"elementor-icon-list-item\">\n\t\t\t\t\t\t\t\t\t\t\t<span class=\"elementor-icon-list-icon\">\n\t\t\t\t\t\t\t<i aria-hidden=\"true\" class=\"far fa-check-circle\"><\/i>\t\t\t\t\t\t<\/span>\n\t\t\t\t\t\t\t\t\t\t<span class=\"elementor-icon-list-text\">Les coordonn\u00e9es de la communaut\u00e9 d'habitation et la confirmation que ces co\u00fbts ont bien \u00e9t\u00e9 pay\u00e9s<\/span>\n\t\t\t\t\t\t\t\t\t<\/li>\n\t\t\t\t\t\t\t\t<li class=\"elementor-icon-list-item\">\n\t\t\t\t\t\t\t\t\t\t\t<span class=\"elementor-icon-list-icon\">\n\t\t\t\t\t\t\t<i aria-hidden=\"true\" class=\"far fa-check-circle\"><\/i>\t\t\t\t\t\t<\/span>\n\t\t\t\t\t\t\t\t\t\t<span class=\"elementor-icon-list-text\">Certificat \u00e9nerg\u00e9tique<\/span>\n\t\t\t\t\t\t\t\t\t<\/li>\n\t\t\t\t\t\t\t\t<li class=\"elementor-icon-list-item\">\n\t\t\t\t\t\t\t\t\t\t\t<span class=\"elementor-icon-list-icon\">\n\t\t\t\t\t\t\t<i aria-hidden=\"true\" class=\"far fa-check-circle\"><\/i>\t\t\t\t\t\t<\/span>\n\t\t\t\t\t\t\t\t\t\t<span class=\"elementor-icon-list-text\">Copie du premier permis d'occupation (si disponible)<\/span>\n\t\t\t\t\t\t\t\t\t<\/li>\n\t\t\t\t\t\t\t\t<li class=\"elementor-icon-list-item\">\n\t\t\t\t\t\t\t\t\t\t\t<span class=\"elementor-icon-list-icon\">\n\t\t\t\t\t\t\t<i aria-hidden=\"true\" class=\"far fa-check-circle\"><\/i>\t\t\t\t\t\t<\/span>\n\t\t\t\t\t\t\t\t\t\t<span class=\"elementor-icon-list-text\">Liste d'inventaire (en cas de vente avec inventaire\/mobilier) <\/span>\n\t\t\t\t\t\t\t\t\t<\/li>\n\t\t\t\t\t\t\t\t<li class=\"elementor-icon-list-item\">\n\t\t\t\t\t\t\t\t\t\t\t<span class=\"elementor-icon-list-icon\">\n\t\t\t\t\t\t\t<i aria-hidden=\"true\" class=\"far fa-check-circle\"><\/i>\t\t\t\t\t\t<\/span>\n\t\t\t\t\t\t\t\t\t\t<span class=\"elementor-icon-list-text\">Si l'habitation est grev\u00e9e d'une hypoth\u00e8que, les coordonn\u00e9es de la banque et une confirmation du montant restant d\u00fb sur l'hypoth\u00e8que<\/span>\n\t\t\t\t\t\t\t\t\t<\/li>\n\t\t\t\t\t\t<\/ul>\n\t\t\t\t\t\t<\/div>\n\t\t\t\t<\/div>\n\t\t\t\t<div class=\"elementor-element elementor-element-fdc733c elementor-widget elementor-widget-text-editor\" data-id=\"fdc733c\" data-element_type=\"widget\" data-widget_type=\"text-editor.default\">\n\t\t\t\t<div class=\"elementor-widget-container\">\n\t\t\t\t\t\t\t\t\t<p>Beaucoup des papiers demand\u00e9s aujourd&#8217;hui sont nouveaux et n&#8217;\u00e9taient pas n\u00e9cessaires lors de l&#8217;achat d&#8217;origine. Il est souvent n\u00e9cessaire de passer \u00e0 la maison communale ou le cadastre pour demander cette documentation. Nous recommandons donc aux vendeurs d&#8217;engager un \u200b\u200bavocat pour les aider dans le processus de vente. Bien entendu, nous pouvons vous mettre en contact avec un avocat sp\u00e9cialis\u00e9.<\/p><p>D\u00e8s que nous disposerons de toutes les informations, la promotion \u00e0 proprement parler pourra commencer. Nous faisons la promotion de votre bien sur notre propre site Internet et au sein de notre r\u00e9seau de plus de 1\u00a0300 agents immobiliers sur la Costa del Sol.<\/p><p>Nous recherchons et nous s\u00e9lectionnons des acheteurs s\u00e9rieux et qualifi\u00e9s, vous \u00e9vitant ainsi des visites inutiles et chronophages. Nous vous assistons pendant toute la dur\u00e9e du processus de n\u00e9gociation et nous d\u00e9fendons vos int\u00e9r\u00eats pour obtenir les conditions les plus avantageuses. Nous vous assistons dans le processus administratif et juridique n\u00e9cessaire \u00e0 la vente de votre propri\u00e9t\u00e9, ce qui \u00e9vite erreurs et complications, tout en garantissant une vente s\u00fbre et ais\u00e9e.<\/p><p><a href=\"\/fr\/contact\"><b>Contactez-nous<\/b><\/a> d\u00e8s aujourd&#8217;hui pour lancer la vente de votre bien!<\/p>\t\t\t\t\t\t\t\t<\/div>\n\t\t\t\t<\/div>\n\t\t\t\t\t<\/div>\n\t\t<\/div>\n\t\t\t\t\t<\/div>\n\t\t<\/section>\n\t\t\t\t<\/div>\n\t\t","protected":false},"excerpt":{"rendered":"Vendre avec Media Mandarina Vous envisagez de vendre votre propri\u00e9t\u00e9 sur la Costa del Sol ou \u00e0 l&#8217;int\u00e9rieur de l&#8217;Andalousie\u00a0? Dans ce cas, Media Mandarina peut vous accompagner dans cette d\u00e9marche.En premier lieu, nous pouvons vous aider \u00e0 d\u00e9terminer la juste valeur de votre bien et un prix de vente ad\u00e9quat. Nous nous chargeons \u00e9galement [&hellip;]","protected":false},"author":1,"featured_media":0,"parent":0,"menu_order":0,"comment_status":"closed","ping_status":"closed","template":"elementor_header_footer","meta":{"footnotes":""},"class_list":["post-18259","page","type-page","status-publish","hentry"],"_links":{"self":[{"href":"https:\/\/media-mandarina.com\/fr\/wp-json\/wp\/v2\/pages\/18259","targetHints":{"allow":["GET"]}}],"collection":[{"href":"https:\/\/media-mandarina.com\/fr\/wp-json\/wp\/v2\/pages"}],"about":[{"href":"https:\/\/media-mandarina.com\/fr\/wp-json\/wp\/v2\/types\/page"}],"author":[{"embeddable":true,"href":"https:\/\/media-mandarina.com\/fr\/wp-json\/wp\/v2\/users\/1"}],"replies":[{"embeddable":true,"href":"https:\/\/media-mandarina.com\/fr\/wp-json\/wp\/v2\/comments?post=18259"}],"version-history":[{"count":0,"href":"https:\/\/media-mandarina.com\/fr\/wp-json\/wp\/v2\/pages\/18259\/revisions"}],"wp:attachment":[{"href":"https:\/\/media-mandarina.com\/fr\/wp-json\/wp\/v2\/media?parent=18259"}],"curies":[{"name":"wp","href":"https:\/\/api.w.org\/{rel}","templated":true}]}}