{"id":18267,"date":"2023-08-28T00:31:26","date_gmt":"2023-08-28T00:31:26","guid":{"rendered":"https:\/\/media-mandarina.com\/about-us\/"},"modified":"2023-10-05T03:44:43","modified_gmt":"2023-10-05T03:44:43","slug":"a-propos-de-nous","status":"publish","type":"page","link":"https:\/\/media-mandarina.com\/fr\/a-propos-de-nous\/","title":{"rendered":"\u00c0 propos de nous"},"content":{"rendered":"\t\t<div data-elementor-type=\"wp-page\" data-elementor-id=\"18267\" class=\"elementor elementor-18267 elementor-17505\" data-elementor-post-type=\"page\">\n\t\t\t\t\t\t<section class=\"elementor-section elementor-top-section elementor-element elementor-element-a94b977 elementor-section-height-min-height animated-slow elementor-section-boxed elementor-section-height-default elementor-section-items-middle elementor-invisible\" data-id=\"a94b977\" data-element_type=\"section\" data-settings=\"{&quot;background_background&quot;:&quot;classic&quot;,&quot;animation&quot;:&quot;fadeIn&quot;}\">\n\t\t\t\t\t\t\t<div class=\"elementor-background-overlay\"><\/div>\n\t\t\t\t\t\t\t<div class=\"elementor-container elementor-column-gap-default\">\n\t\t\t\t\t<div class=\"elementor-column elementor-col-100 elementor-top-column elementor-element elementor-element-d0049a9\" data-id=\"d0049a9\" data-element_type=\"column\">\n\t\t\t<div class=\"elementor-widget-wrap elementor-element-populated\">\n\t\t\t\t\t\t<div class=\"elementor-element elementor-element-cf56e96 elementor-widget elementor-widget-heading\" data-id=\"cf56e96\" data-element_type=\"widget\" data-widget_type=\"heading.default\">\n\t\t\t\t<div class=\"elementor-widget-container\">\n\t\t\t\t\t<h1 class=\"elementor-heading-title elementor-size-default\">\u00c0 propos de nous<\/h1>\t\t\t\t<\/div>\n\t\t\t\t<\/div>\n\t\t\t\t\t<\/div>\n\t\t<\/div>\n\t\t\t\t\t<\/div>\n\t\t<\/section>\n\t\t\t\t<section class=\"elementor-section elementor-top-section elementor-element elementor-element-313eeb0 elementor-section-content-middle elementor-section-boxed elementor-section-height-default elementor-section-height-default\" data-id=\"313eeb0\" data-element_type=\"section\">\n\t\t\t\t\t\t<div class=\"elementor-container elementor-column-gap-default\">\n\t\t\t\t\t<div class=\"elementor-column elementor-col-50 elementor-top-column elementor-element elementor-element-f50d277\" data-id=\"f50d277\" data-element_type=\"column\">\n\t\t\t<div class=\"elementor-widget-wrap elementor-element-populated\">\n\t\t\t\t\t\t<div class=\"elementor-element elementor-element-0443ef8 elementor-widget elementor-widget-text-editor\" data-id=\"0443ef8\" data-element_type=\"widget\" data-widget_type=\"text-editor.default\">\n\t\t\t\t<div class=\"elementor-widget-container\">\n\t\t\t\t\t\t\t\t\t<p>Je m&#8217;appelle An et j&#8217;ai quitt\u00e9 la Belgique pour le sud ensoleill\u00e9 depuis un certain temps d\u00e9j\u00e0. J&#8217;habite \u00e0 Alhaurin el Grande, entre Malaga et Marbella. Je connais donc bien le triangle form\u00e9 par la Costa del Sol et l&#8217;int\u00e9rieur de l&#8217;Andalousie. J&#8217;adore Malaga, je pense que c&#8217;est une ville fantastique o\u00f9 il fait bon se promener. Mais j&#8217;aime tout autant partir en randonn\u00e9e dans la Sierra de Mijas ou la Sierra de las Nieves, ou passer un apr\u00e8s-midi \u00e0 faire la sieste sur la plage de Cabopino\/Marbella et finir la journ\u00e9e dans un bon chiringuito.<\/p><p>Gr\u00e2ce \u00e0 mon exp\u00e9rience commerciale en Belgique, j&#8217;aime trouver l&#8217;endroit id\u00e9al pour chaque client, tant sur la c\u00f4te que dans le fameux \u00ab\u00a0campo\u00a0\u00bb. <a href=\"\/fr\/acheter#form\"><b>Faites-moi part de vos envies<\/b><\/a> et je me mettrai imm\u00e9diatement au travail pour vous proposer le bien id\u00e9al.<\/p><p>Et je sais parfaitement que prendre une d\u00e9cision peut \u00eatre difficile, surtout lors de l&#8217;achat d&#8217;une habitation. De l&#8217;exp\u00e9rience et du v\u00e9cu sont n\u00e9cessaires pour comprendre vos attentes et trouver le logement de vos r\u00eaves.<\/p><p>Media Mandarina vous assiste pendant l&#8217;ensemble du processus, du moment o\u00f9 vous commencez \u00e0 r\u00eaver au moment o\u00f9 vous recevez les cl\u00e9s. Et nous mettons toute notre expertise \u00e0 disposition pour vous offrir une exp\u00e9rience optimale. Nous sommes absolument convaincus que notre passion repr\u00e9sente une valeur ajout\u00e9e pour vous. Et nous sommes fiers lorsque nous pouvons aider nos clients \u00e0 r\u00e9aliser leur r\u00eave dans le sud de l&#8217;Espagne.<\/p>\t\t\t\t\t\t\t\t<\/div>\n\t\t\t\t<\/div>\n\t\t\t\t\t<\/div>\n\t\t<\/div>\n\t\t\t\t<div class=\"elementor-column elementor-col-50 elementor-top-column elementor-element elementor-element-032be5e\" data-id=\"032be5e\" data-element_type=\"column\">\n\t\t\t<div class=\"elementor-widget-wrap elementor-element-populated\">\n\t\t\t\t\t\t<div class=\"elementor-element elementor-element-9a27953 elementor-widget__width-initial elementor-widget elementor-widget-image\" data-id=\"9a27953\" data-element_type=\"widget\" data-widget_type=\"image.default\">\n\t\t\t\t<div class=\"elementor-widget-container\">\n\t\t\t\t\t\t\t\t\t\t\t\t\t\t\t<img fetchpriority=\"high\" decoding=\"async\" width=\"768\" height=\"1152\" src=\"https:\/\/media-mandarina.com\/wp-content\/uploads\/2023\/10\/An-foto-essent-scaled-1-768x1152.jpg\" class=\"attachment-medium_large size-medium_large wp-image-18501\" alt=\"\" srcset=\"https:\/\/media-mandarina.com\/wp-content\/uploads\/2023\/10\/An-foto-essent-scaled-1-768x1152.jpg 768w, https:\/\/media-mandarina.com\/wp-content\/uploads\/2023\/10\/An-foto-essent-scaled-1-200x300.jpg 200w, https:\/\/media-mandarina.com\/wp-content\/uploads\/2023\/10\/An-foto-essent-scaled-1-683x1024.jpg 683w, https:\/\/media-mandarina.com\/wp-content\/uploads\/2023\/10\/An-foto-essent-scaled-1-1024x1536.jpg 1024w, https:\/\/media-mandarina.com\/wp-content\/uploads\/2023\/10\/An-foto-essent-scaled-1-1366x2048.jpg 1366w, https:\/\/media-mandarina.com\/wp-content\/uploads\/2023\/10\/An-foto-essent-scaled-1-400x600.jpg 400w, https:\/\/media-mandarina.com\/wp-content\/uploads\/2023\/10\/An-foto-essent-scaled-1-496x744.jpg 496w, https:\/\/media-mandarina.com\/wp-content\/uploads\/2023\/10\/An-foto-essent-scaled-1-1320x1980.jpg 1320w, https:\/\/media-mandarina.com\/wp-content\/uploads\/2023\/10\/An-foto-essent-scaled-1.jpg 1707w\" sizes=\"(max-width: 768px) 100vw, 768px\" \/>\t\t\t\t\t\t\t\t\t\t\t\t\t\t\t<\/div>\n\t\t\t\t<\/div>\n\t\t\t\t\t<\/div>\n\t\t<\/div>\n\t\t\t\t\t<\/div>\n\t\t<\/section>\n\t\t\t\t<\/div>\n\t\t","protected":false},"excerpt":{"rendered":"\u00c0 propos de nous Je m&#8217;appelle An et j&#8217;ai quitt\u00e9 la Belgique pour le sud ensoleill\u00e9 depuis un certain temps d\u00e9j\u00e0. J&#8217;habite \u00e0 Alhaurin el Grande, entre Malaga et Marbella. Je connais donc bien le triangle form\u00e9 par la Costa del Sol et l&#8217;int\u00e9rieur de l&#8217;Andalousie. J&#8217;adore Malaga, je pense que c&#8217;est une ville fantastique [&hellip;]","protected":false},"author":1,"featured_media":0,"parent":0,"menu_order":0,"comment_status":"closed","ping_status":"closed","template":"elementor_header_footer","meta":{"footnotes":""},"class_list":["post-18267","page","type-page","status-publish","hentry"],"_links":{"self":[{"href":"https:\/\/media-mandarina.com\/fr\/wp-json\/wp\/v2\/pages\/18267","targetHints":{"allow":["GET"]}}],"collection":[{"href":"https:\/\/media-mandarina.com\/fr\/wp-json\/wp\/v2\/pages"}],"about":[{"href":"https:\/\/media-mandarina.com\/fr\/wp-json\/wp\/v2\/types\/page"}],"author":[{"embeddable":true,"href":"https:\/\/media-mandarina.com\/fr\/wp-json\/wp\/v2\/users\/1"}],"replies":[{"embeddable":true,"href":"https:\/\/media-mandarina.com\/fr\/wp-json\/wp\/v2\/comments?post=18267"}],"version-history":[{"count":0,"href":"https:\/\/media-mandarina.com\/fr\/wp-json\/wp\/v2\/pages\/18267\/revisions"}],"wp:attachment":[{"href":"https:\/\/media-mandarina.com\/fr\/wp-json\/wp\/v2\/media?parent=18267"}],"curies":[{"name":"wp","href":"https:\/\/api.w.org\/{rel}","templated":true}]}}