{"id":18452,"date":"2023-08-28T00:38:49","date_gmt":"2023-08-28T00:38:49","guid":{"rendered":"https:\/\/media-mandarina.com\/privacy-policy\/"},"modified":"2023-10-05T00:24:31","modified_gmt":"2023-10-05T00:24:31","slug":"declaration-de-confidentialite","status":"publish","type":"page","link":"https:\/\/media-mandarina.com\/fr\/declaration-de-confidentialite\/","title":{"rendered":"D\u00e9claration de confidentialit\u00e9"},"content":{"rendered":"\t\t<div data-elementor-type=\"wp-page\" data-elementor-id=\"18452\" class=\"elementor elementor-18452 elementor-17521\" data-elementor-post-type=\"page\">\n\t\t\t\t\t\t<section class=\"elementor-section elementor-top-section elementor-element elementor-element-3114d22 elementor-section-boxed elementor-section-height-default elementor-section-height-default\" data-id=\"3114d22\" data-element_type=\"section\">\n\t\t\t\t\t\t<div class=\"elementor-container elementor-column-gap-default\">\n\t\t\t\t\t<div class=\"elementor-column elementor-col-100 elementor-top-column elementor-element elementor-element-4aea924\" data-id=\"4aea924\" data-element_type=\"column\" data-settings=\"{&quot;background_background&quot;:&quot;classic&quot;}\">\n\t\t\t<div class=\"elementor-widget-wrap elementor-element-populated\">\n\t\t\t\t\t\t<div class=\"elementor-element elementor-element-3e66019 elementor-widget elementor-widget-heading\" data-id=\"3e66019\" data-element_type=\"widget\" data-widget_type=\"heading.default\">\n\t\t\t\t<div class=\"elementor-widget-container\">\n\t\t\t\t\t<h2 class=\"elementor-heading-title elementor-size-default\">D\u00e9claration de confidentialit\u00e9<\/h2>\t\t\t\t<\/div>\n\t\t\t\t<\/div>\n\t\t\t\t<div class=\"elementor-element elementor-element-2078e09 elementor-widget elementor-widget-text-editor\" data-id=\"2078e09\" data-element_type=\"widget\" data-widget_type=\"text-editor.default\">\n\t\t\t\t<div class=\"elementor-widget-container\">\n\t\t\t\t\t\t\t\t\t<p><span style=\"font-size: medium;\">Media Mandarina Real Estate SL respecte votre vie priv\u00e9e. Bien que la plupart des informations sur ce site soient disponibles sans devoir fournir de donn\u00e9es personnelles, il est possible que l&#8217;utilisateur soit invit\u00e9 \u00e0 fournir des informations personnelles. Ces informations seront uniquement utilis\u00e9es dans le cadre de la gestion de la relation client et pour vous tenir inform\u00e9 de nos activit\u00e9s par le biais d&#8217;un publipostage direct ou d&#8217;une newsletter. <\/span><\/p><p><span style=\"font-size: medium;\">Vous trouverez ci-dessous un r\u00e9sum\u00e9 des donn\u00e9es collect\u00e9es\u00a0:<\/span><\/p><ul><li><p><span style=\"font-size: medium;\">nom et pr\u00e9nom<\/span><\/p><\/li><li><p><span style=\"font-size: medium;\">adresse e-mail<\/span><\/p><\/li><li><p><span style=\"font-size: medium;\">num\u00e9ro de t\u00e9l\u00e9phone<\/span><\/p><\/li><li><p><span style=\"font-size: medium;\">num\u00e9ro de t\u00e9l\u00e9phone portable<\/span><\/p><\/li><\/ul><p><span style=\"font-size: medium;\">Nous recueillons des informations suppl\u00e9mentaires par le biais du formulaire de notre site Internet\u00a0:<\/span><\/p><ul><li><p><span style=\"font-size: medium;\">crit\u00e8res de recherche de biens<\/span><\/p><\/li><\/ul><p><span style=\"font-size: medium;\">L&#8217;utilisateur peut toujours s&#8217;opposer, gratuitement et sur demande, \u00e0 l&#8217;utilisation de ses donn\u00e9es \u00e0 des fins de marketing direct. Pour ce faire, il s&#8217;adressera \u00e0 Media Mandarina Real Estate SL \u00e0 l&#8217;adresse <a href=\"mailto:info@media-mandarina.com\">info@media-mandarina.com<\/a>. Vos donn\u00e9es personnelles ne seront jamais transmises \u00e0 des tiers.<\/span><\/p><p><span style=\"font-size: medium;\">L&#8217;utilisateur dispose d&#8217;un droit l\u00e9gal d&#8217;acc\u00e8s et \u00e9ventuellement de rectification\/suppression de ses donn\u00e9es personnelles. Moyennant une preuve d&#8217;identification (copie de la carte d&#8217;identit\u00e9), vous pouvez adresser une demande \u00e0 Media Mandarina Real Estate SL \u00e0 l&#8217;adresse info@media-mandarina.com pour obtenir gratuitement la communication \u00e9crite de vos donn\u00e9es personnelles. Si n\u00e9cessaire, vous pouvez \u00e9galement demander \u00e0 corriger\/supprimer les donn\u00e9es inexactes, incompl\u00e8tes ou non pertinentes.<\/span><\/p><p><span style=\"font-size: medium;\">Media Mandarina SL peut collecter des informations anonymes ou autoris\u00e9es \u00e0 caract\u00e8re non personnel telles que le type de navigateur ou l&#8217;adresse IP, le syst\u00e8me d&#8217;exploitation utilis\u00e9 ou le nom de domaine du site Internet via lequel notre site Internet a \u00e9t\u00e9 trouv\u00e9 ou quitt\u00e9. Cela nous permet d&#8217;optimiser en permanence notre site Internet pour les utilisateurs.<\/span><\/p>\t\t\t\t\t\t\t\t<\/div>\n\t\t\t\t<\/div>\n\t\t\t\t\t<\/div>\n\t\t<\/div>\n\t\t\t\t\t<\/div>\n\t\t<\/section>\n\t\t\t\t<\/div>\n\t\t","protected":false},"excerpt":{"rendered":"D\u00e9claration de confidentialit\u00e9 Media Mandarina Real Estate SL respecte votre vie priv\u00e9e. Bien que la plupart des informations sur ce site soient disponibles sans devoir fournir de donn\u00e9es personnelles, il est possible que l&#8217;utilisateur soit invit\u00e9 \u00e0 fournir des informations personnelles. Ces informations seront uniquement utilis\u00e9es dans le cadre de la gestion de la relation [&hellip;]","protected":false},"author":1,"featured_media":0,"parent":0,"menu_order":0,"comment_status":"closed","ping_status":"closed","template":"elementor_header_footer","meta":{"footnotes":""},"class_list":["post-18452","page","type-page","status-publish","hentry"],"_links":{"self":[{"href":"https:\/\/media-mandarina.com\/fr\/wp-json\/wp\/v2\/pages\/18452","targetHints":{"allow":["GET"]}}],"collection":[{"href":"https:\/\/media-mandarina.com\/fr\/wp-json\/wp\/v2\/pages"}],"about":[{"href":"https:\/\/media-mandarina.com\/fr\/wp-json\/wp\/v2\/types\/page"}],"author":[{"embeddable":true,"href":"https:\/\/media-mandarina.com\/fr\/wp-json\/wp\/v2\/users\/1"}],"replies":[{"embeddable":true,"href":"https:\/\/media-mandarina.com\/fr\/wp-json\/wp\/v2\/comments?post=18452"}],"version-history":[{"count":0,"href":"https:\/\/media-mandarina.com\/fr\/wp-json\/wp\/v2\/pages\/18452\/revisions"}],"wp:attachment":[{"href":"https:\/\/media-mandarina.com\/fr\/wp-json\/wp\/v2\/media?parent=18452"}],"curies":[{"name":"wp","href":"https:\/\/api.w.org\/{rel}","templated":true}]}}